{"id":452,"date":"2023-06-28T21:26:48","date_gmt":"2023-06-28T21:26:48","guid":{"rendered":"https:\/\/doubletrouble.blog\/de\/?post_type=product&#038;p=452"},"modified":"2023-07-05T18:30:13","modified_gmt":"2023-07-05T18:30:13","slug":"bugaboo-donkey-5-mono-kinderwagen","status":"publish","type":"product","link":"https:\/\/kinderwelt.blog\/de\/product\/bugaboo-donkey-5-mono-kinderwagen\/","title":{"rendered":"Bugaboo Donkey 5 Mono Kinderwagen"},"content":{"rendered":"<ul>\n<li>Bugaboo Donkey 5 Mono Kinderwagen, der mit nur 3 Klicks in einen Doppel-\/Zwillingsbuggy umgewandelt werden kann (Erweiterungssets separat erh\u00e4ltlich), eine perfekte zukunftssichere L\u00f6sung f\u00fcr eine wachsende Familie<\/li>\n<li>Durchdachtes und ausgekl\u00fcgeltes Faltkonzept, das Aufklappen erfolgt jetzt durch einfaches Ziehen am Lenker; au\u00dferdem bietet das Einhand-Design zum Schieben, Lenken und Drehen eine bessere Man\u00f6vrierf\u00e4higkeit<\/li>\n<li>Mit einem eizigartigen Seitenkorb und Stauraum unter dem Sitz (jeweils 10 kg) bietet der Donkey 5 die ger\u00e4umigste Mono-Konfiguration<\/li>\n<li>Der Sitz (max. Gewicht 22 kg) und der Seitenkorb sind jetzt h\u00f6her positioniert, sodass du besser mit deinem Baby interagieren und es im Auge behalten kannst.<\/li>\n<li>Der verbesserte Kinderwagen mit neuer, bel\u00fcfteter Liegewanne bietet idealen Schutz bei jedem Wetter und erm\u00f6glicht es dir deinem Baby jederzeit nahe zu bleiben<\/li>\n<\/ul>\n","protected":false},"excerpt":{"rendered":"<p>Bugaboo Donkey 5 Mono Kinderwagen, der mit nur 3 Klicks in einen Doppel-\/Zwillingsbuggy umgewandelt werden kann (Erweiterungssets separat erh\u00e4ltlich), eine perfekte zukunftssichere L\u00f6sung f\u00fcr eine wachsende Familie Durchdachtes und ausgekl\u00fcgeltes Faltkonzept, das Aufklappen erfolgt jetzt durch einfaches Ziehen am Lenker; au\u00dferdem bietet das Einhand-Design zum Schieben, Lenken und Drehen eine bessere Man\u00f6vrierf\u00e4higkeit Mit einem eizigartigen [&hellip;]<\/p>\n","protected":false},"featured_media":457,"comment_status":"open","ping_status":"closed","template":"","meta":{"inline_featured_image":false},"product_brand":[],"product_cat":[33],"product_tag":[],"class_list":{"0":"post-452","1":"product","2":"type-product","3":"status-publish","4":"has-post-thumbnail","6":"product_cat-stroller","8":"first","9":"instock","10":"shipping-taxable","11":"product-type-external"},"_links":{"self":[{"href":"https:\/\/kinderwelt.blog\/de\/wp-json\/wp\/v2\/product\/452","targetHints":{"allow":["GET"]}}],"collection":[{"href":"https:\/\/kinderwelt.blog\/de\/wp-json\/wp\/v2\/product"}],"about":[{"href":"https:\/\/kinderwelt.blog\/de\/wp-json\/wp\/v2\/types\/product"}],"replies":[{"embeddable":true,"href":"https:\/\/kinderwelt.blog\/de\/wp-json\/wp\/v2\/comments?post=452"}],"wp:featuredmedia":[{"embeddable":true,"href":"https:\/\/kinderwelt.blog\/de\/wp-json\/wp\/v2\/media\/457"}],"wp:attachment":[{"href":"https:\/\/kinderwelt.blog\/de\/wp-json\/wp\/v2\/media?parent=452"}],"wp:term":[{"taxonomy":"product_brand","embeddable":true,"href":"https:\/\/kinderwelt.blog\/de\/wp-json\/wp\/v2\/product_brand?post=452"},{"taxonomy":"product_cat","embeddable":true,"href":"https:\/\/kinderwelt.blog\/de\/wp-json\/wp\/v2\/product_cat?post=452"},{"taxonomy":"product_tag","embeddable":true,"href":"https:\/\/kinderwelt.blog\/de\/wp-json\/wp\/v2\/product_tag?post=452"}],"curies":[{"name":"wp","href":"https:\/\/api.w.org\/{rel}","templated":true}]}}