{"id":453,"date":"2023-06-28T21:27:16","date_gmt":"2023-06-28T21:27:16","guid":{"rendered":"https:\/\/doubletrouble.blog\/de\/?post_type=product&#038;p=453"},"modified":"2023-07-05T18:29:45","modified_gmt":"2023-07-05T18:29:45","slug":"bugaboo-donkey-5-duo-erweiterungsset-verwandelt-mono-kinderwagen-in-zwillingskinderwagen","status":"publish","type":"product","link":"https:\/\/kinderwelt.blog\/de\/product\/bugaboo-donkey-5-duo-erweiterungsset-verwandelt-mono-kinderwagen-in-zwillingskinderwagen\/","title":{"rendered":"Bugaboo Donkey 5 Duo Erweiterungsset"},"content":{"rendered":"<ul>\n<li>Das neue Bugaboo Donkey 5 Duo Erweiterungsset ist alles, was du brauchst, um deinen Mono-Kinderwagen mit nur 3 Klicks in einen Doppelbuggy zu verwandeln<\/li>\n<li>Das ausgekl\u00fcgelte Set enth\u00e4lt einen kompletten Sitz, einen wendbaren Tragegriff, einen Regenschutz sowie das Sonnenverdeck<\/li>\n<li>Durchdachtes und innovatives Zusammenklappen, wobei das Aufklappen jetzt durch einfaches Ziehen an der Lenkstange erfolgt; das Einhand-Design zum Neigen, Schieben, Lenken und Drehen bietet eine bessere Man\u00f6vrierbarkeit auch mit 2 Kindern<\/li>\n<li>Die Liegewanne und der Sitz (jeweils bis 22 kg) sind jetzt h\u00f6her positioniert, um eine bessere Interaktion mit den Kindern zu erm\u00f6glichen, w\u00e4hrend unser einzigartiges Side-By-Side Design den gleichen Komfort f\u00fcr dein Baby und Kleinkind gew\u00e4hrleistet<\/li>\n<li>Die verbesserte Liegewanne mit dem neuen, luftigen Bel\u00fcftungspanel bietet hervorragenden Schutz bei jedem Wetter, w\u00e4hrend die gro\u00dfen, pannensicheren R\u00e4der eine reibungslose Fahrt in jedem Terrain gew\u00e4hrleisten<\/li>\n<\/ul>\n","protected":false},"excerpt":{"rendered":"<p>Das neue Bugaboo Donkey 5 Duo Erweiterungsset ist alles, was du brauchst, um deinen Mono-Kinderwagen mit nur 3 Klicks in einen Doppelbuggy zu verwandeln Das ausgekl\u00fcgelte Set enth\u00e4lt einen kompletten Sitz, einen wendbaren Tragegriff, einen Regenschutz sowie das Sonnenverdeck Durchdachtes und innovatives Zusammenklappen, wobei das Aufklappen jetzt durch einfaches Ziehen an der Lenkstange erfolgt; das [&hellip;]<\/p>\n","protected":false},"featured_media":456,"comment_status":"open","ping_status":"closed","template":"","meta":{"inline_featured_image":false},"product_brand":[],"product_cat":[33],"product_tag":[],"class_list":{"0":"post-453","1":"product","2":"type-product","3":"status-publish","4":"has-post-thumbnail","6":"product_cat-stroller","8":"first","9":"instock","10":"shipping-taxable","11":"product-type-external"},"_links":{"self":[{"href":"https:\/\/kinderwelt.blog\/de\/wp-json\/wp\/v2\/product\/453","targetHints":{"allow":["GET"]}}],"collection":[{"href":"https:\/\/kinderwelt.blog\/de\/wp-json\/wp\/v2\/product"}],"about":[{"href":"https:\/\/kinderwelt.blog\/de\/wp-json\/wp\/v2\/types\/product"}],"replies":[{"embeddable":true,"href":"https:\/\/kinderwelt.blog\/de\/wp-json\/wp\/v2\/comments?post=453"}],"wp:featuredmedia":[{"embeddable":true,"href":"https:\/\/kinderwelt.blog\/de\/wp-json\/wp\/v2\/media\/456"}],"wp:attachment":[{"href":"https:\/\/kinderwelt.blog\/de\/wp-json\/wp\/v2\/media?parent=453"}],"wp:term":[{"taxonomy":"product_brand","embeddable":true,"href":"https:\/\/kinderwelt.blog\/de\/wp-json\/wp\/v2\/product_brand?post=453"},{"taxonomy":"product_cat","embeddable":true,"href":"https:\/\/kinderwelt.blog\/de\/wp-json\/wp\/v2\/product_cat?post=453"},{"taxonomy":"product_tag","embeddable":true,"href":"https:\/\/kinderwelt.blog\/de\/wp-json\/wp\/v2\/product_tag?post=453"}],"curies":[{"name":"wp","href":"https:\/\/api.w.org\/{rel}","templated":true}]}}