{"id":4571,"date":"2025-03-01T09:29:55","date_gmt":"2025-03-01T09:29:55","guid":{"rendered":"https:\/\/kinderwelt.blog\/de\/?post_type=product&#038;p=4571"},"modified":"2025-03-01T09:29:55","modified_gmt":"2025-03-01T09:29:55","slug":"sammelhuellen-fuer-muenzen","status":"publish","type":"product","link":"https:\/\/kinderwelt.blog\/de\/product\/sammelhuellen-fuer-muenzen\/","title":{"rendered":"Sammelh\u00fcllen f\u00fcr M\u00fcnzen"},"content":{"rendered":"<ul class=\"a-unordered-list a-vertical a-spacing-mini\">\n<li class=\"a-spacing-mini\"><span class=\"a-list-item\">SICHERES MATERIAL &#8211; Hergestellt aus s\u00e4urefreiem PVC, staubdicht und ungiftig, duarable Qualit\u00e4t<\/span><\/li>\n<li class=\"a-spacing-mini\"><span class=\"a-list-item\">EINZIGARTIGES DESIGN &#8211; Jede Tasche wird mit einer Anti-Rutsch-Abdeckung geliefert, um die Oxidation von M\u00fcnzen zu sch\u00fctzen und effektiv zu lindern<\/span><\/li>\n<li class=\"a-spacing-mini\"><span class=\"a-list-item\">PRODUKTGR\u00d6SSE &#8211; Gesamtgr\u00f6\u00dfe: 28 cm x 21 cm \/ 10,02 &#8220; x 8,27 &#8220;. Taschengr\u00f6\u00dfe &#8211; 60 Taschen (62 mm x 62 mm pro Tasche)<\/span><\/li>\n<li class=\"a-spacing-mini\"><span class=\"a-list-item\">BREITE ANWENDUNGEN &#8211; Geeignet f\u00fcr die meisten Gr\u00f6\u00dfen von M\u00fcnzen, Token, Medaillons, Abzeichen usw<\/span><\/li>\n<li class=\"a-spacing-mini\"><span class=\"a-list-item\">PAKETINHALT &#8211; 5 Blatt M\u00fcnzhalter<\/span><\/li>\n<\/ul>\n","protected":false},"excerpt":{"rendered":"<p>SICHERES MATERIAL &#8211; Hergestellt aus s\u00e4urefreiem PVC, staubdicht und ungiftig, duarable Qualit\u00e4t EINZIGARTIGES DESIGN &#8211; Jede Tasche wird mit einer Anti-Rutsch-Abdeckung geliefert, um die Oxidation von M\u00fcnzen zu sch\u00fctzen und effektiv zu lindern PRODUKTGR\u00d6SSE &#8211; Gesamtgr\u00f6\u00dfe: 28 cm x 21 cm \/ 10,02 &#8220; x 8,27 &#8220;. Taschengr\u00f6\u00dfe &#8211; 60 Taschen (62 mm x 62 [&hellip;]<\/p>\n","protected":false},"featured_media":4572,"comment_status":"open","ping_status":"closed","template":"","meta":{"inline_featured_image":false},"product_brand":[],"product_cat":[22],"product_tag":[],"class_list":{"0":"post-4571","1":"product","2":"type-product","3":"status-publish","4":"has-post-thumbnail","6":"product_cat-electronics","8":"first","9":"instock","10":"shipping-taxable","11":"product-type-external"},"_links":{"self":[{"href":"https:\/\/kinderwelt.blog\/de\/wp-json\/wp\/v2\/product\/4571","targetHints":{"allow":["GET"]}}],"collection":[{"href":"https:\/\/kinderwelt.blog\/de\/wp-json\/wp\/v2\/product"}],"about":[{"href":"https:\/\/kinderwelt.blog\/de\/wp-json\/wp\/v2\/types\/product"}],"replies":[{"embeddable":true,"href":"https:\/\/kinderwelt.blog\/de\/wp-json\/wp\/v2\/comments?post=4571"}],"wp:featuredmedia":[{"embeddable":true,"href":"https:\/\/kinderwelt.blog\/de\/wp-json\/wp\/v2\/media\/4572"}],"wp:attachment":[{"href":"https:\/\/kinderwelt.blog\/de\/wp-json\/wp\/v2\/media?parent=4571"}],"wp:term":[{"taxonomy":"product_brand","embeddable":true,"href":"https:\/\/kinderwelt.blog\/de\/wp-json\/wp\/v2\/product_brand?post=4571"},{"taxonomy":"product_cat","embeddable":true,"href":"https:\/\/kinderwelt.blog\/de\/wp-json\/wp\/v2\/product_cat?post=4571"},{"taxonomy":"product_tag","embeddable":true,"href":"https:\/\/kinderwelt.blog\/de\/wp-json\/wp\/v2\/product_tag?post=4571"}],"curies":[{"name":"wp","href":"https:\/\/api.w.org\/{rel}","templated":true}]}}