{"id":4588,"date":"2025-03-10T11:21:39","date_gmt":"2025-03-10T11:21:39","guid":{"rendered":"https:\/\/kinderwelt.blog\/de\/?post_type=product&#038;p=4588"},"modified":"2025-08-01T02:52:27","modified_gmt":"2025-08-01T02:52:27","slug":"25-stueck-slix-l-rfid-tag-aufkleber-kompatibel-mit-der-toniebox-nfc-chip-selbstklebend","status":"publish","type":"product","link":"https:\/\/kinderwelt.blog\/de\/product\/25-stueck-slix-l-rfid-tag-aufkleber-kompatibel-mit-der-toniebox-nfc-chip-selbstklebend\/","title":{"rendered":"25 St\u00fcck SLIX-L RFID-TAG Aufkleber kompatibel mit der Toniebox, NFC Chip, Selbstklebend"},"content":{"rendered":"<ul>\n<li>KOMPATIBILIT\u00c4T: Speziell entwickelter RFID-Aufkleber mit SLIX-L Chip, vollst\u00e4ndig kompatibel mit der Toniebox<\/li>\n<li>EINFACHE ANWENDUNG: Selbstklebender Aufkleber erm\u00f6glicht schnelles und problemloses Anbringen<\/li>\n<li>DESIGN: Flaches, unauff\u00e4lliges Design mit silberner Oberfl\u00e4che und konzentrischen Ringen<\/li>\n<li>FUNKTIONALIT\u00c4T: Erm\u00f6glicht das Speichern und Abspielen eigener Audioinhalte auf der Toniebox<\/li>\n<\/ul>\n","protected":false},"excerpt":{"rendered":"<p>KOMPATIBILIT\u00c4T: Speziell entwickelter RFID-Aufkleber mit SLIX-L Chip, vollst\u00e4ndig kompatibel mit der Toniebox EINFACHE ANWENDUNG: Selbstklebender Aufkleber erm\u00f6glicht schnelles und problemloses Anbringen DESIGN: Flaches, unauff\u00e4lliges Design mit silberner Oberfl\u00e4che und konzentrischen Ringen FUNKTIONALIT\u00c4T: Erm\u00f6glicht das Speichern und Abspielen eigener Audioinhalte auf der Toniebox<\/p>\n","protected":false},"featured_media":4589,"comment_status":"open","ping_status":"closed","template":"","meta":{"inline_featured_image":false},"product_brand":[],"product_cat":[22],"product_tag":[],"class_list":{"0":"post-4588","1":"product","2":"type-product","3":"status-publish","4":"has-post-thumbnail","6":"product_cat-electronics","8":"first","9":"instock","10":"shipping-taxable","11":"product-type-external"},"_links":{"self":[{"href":"https:\/\/kinderwelt.blog\/de\/wp-json\/wp\/v2\/product\/4588","targetHints":{"allow":["GET"]}}],"collection":[{"href":"https:\/\/kinderwelt.blog\/de\/wp-json\/wp\/v2\/product"}],"about":[{"href":"https:\/\/kinderwelt.blog\/de\/wp-json\/wp\/v2\/types\/product"}],"replies":[{"embeddable":true,"href":"https:\/\/kinderwelt.blog\/de\/wp-json\/wp\/v2\/comments?post=4588"}],"wp:featuredmedia":[{"embeddable":true,"href":"https:\/\/kinderwelt.blog\/de\/wp-json\/wp\/v2\/media\/4589"}],"wp:attachment":[{"href":"https:\/\/kinderwelt.blog\/de\/wp-json\/wp\/v2\/media?parent=4588"}],"wp:term":[{"taxonomy":"product_brand","embeddable":true,"href":"https:\/\/kinderwelt.blog\/de\/wp-json\/wp\/v2\/product_brand?post=4588"},{"taxonomy":"product_cat","embeddable":true,"href":"https:\/\/kinderwelt.blog\/de\/wp-json\/wp\/v2\/product_cat?post=4588"},{"taxonomy":"product_tag","embeddable":true,"href":"https:\/\/kinderwelt.blog\/de\/wp-json\/wp\/v2\/product_tag?post=4588"}],"curies":[{"name":"wp","href":"https:\/\/api.w.org\/{rel}","templated":true}]}}