{"id":4610,"date":"2025-03-19T09:00:58","date_gmt":"2025-03-19T09:00:58","guid":{"rendered":"https:\/\/kinderwelt.blog\/de\/?post_type=product&#038;p=4610"},"modified":"2025-03-19T09:51:30","modified_gmt":"2025-03-19T09:51:30","slug":"magnetische-lidschatten-make-up-palette-xl","status":"publish","type":"product","link":"https:\/\/kinderwelt.blog\/de\/product\/magnetische-lidschatten-make-up-palette-xl\/","title":{"rendered":"Magnetische Lidschatten Make-up Palette XL"},"content":{"rendered":"<ul>\n<li>DIY Ihre eigene Make-up Palette: DIY Ihr Lieblingsblush, Lidschatten, Lippenstift, Augenbrauenpulver oder andere Kosmetik in diese gro\u00dfe transparente Kunststoff leere Palette. Perfekt f\u00fcr den t\u00e4glichen Gebrauch oder nehmen Sie es \u00fcberall mit.<\/li>\n<li>Gro\u00dfe leere magnetische transparente Plastik-Lidschatten-Make-up-Palette: gro\u00dfe leere Palettengr\u00f6\u00dfe: 23.5&#215;16.7cm (9.25&#215;6.57inch), die 48pcs 1-Zoll-Durchmesser-Lidschatten speichern kann. Wenn Ihre Lidschatten oder Make-up nicht in Metalleisenpfannen aufbewahrt wurden, m\u00fcssen Sie Metallaufkleber verwenden , um es zu verwenden.<\/li>\n<li>Bequem zu bedienen: Verwenden Sie hochwertiges und langlebiges transparentes Kunststoffmaterial, sicher und ungiftig, einfach zu reinigen.<\/li>\n<li>BITTE best\u00e4tigen, dass die Gr\u00f6\u00dfe zu Ihrem Lidschatten passt oder nicht, bevor Sie in den Warenkorb legen.Es passt nur 5mm H\u00f6he Metallpfannen.Einzelne Lidschatten sind nicht enthalten.<\/li>\n<\/ul>\n<p>Beliebte magnetische Make-up Palette: tragbare Make-up Palette perfekt f\u00fcr Anzeige und f\u00fcr einfachen Farbvergleich von Make-ups, Reisen, zu Hause, t\u00e4glichen Gebrauch; Perfektes Geschenk f\u00fcr Profis, Sch\u00f6nheitsliebhaber, Make-up-K\u00fcnstler, Frau, Freundinnen, Damen, Frauen, an ihrem Geburtstag, Weihnachtstag, Muttertag, Valentinstag etc.<\/p>\n","protected":false},"excerpt":{"rendered":"<p>DIY Ihre eigene Make-up Palette: DIY Ihr Lieblingsblush, Lidschatten, Lippenstift, Augenbrauenpulver oder andere Kosmetik in diese gro\u00dfe transparente Kunststoff leere Palette. Perfekt f\u00fcr den t\u00e4glichen Gebrauch oder nehmen Sie es \u00fcberall mit. Gro\u00dfe leere magnetische transparente Plastik-Lidschatten-Make-up-Palette: gro\u00dfe leere Palettengr\u00f6\u00dfe: 23.5&#215;16.7cm (9.25&#215;6.57inch), die 48pcs 1-Zoll-Durchmesser-Lidschatten speichern kann. Wenn Ihre Lidschatten oder Make-up nicht in Metalleisenpfannen [&hellip;]<\/p>\n","protected":false},"featured_media":4611,"comment_status":"open","ping_status":"closed","template":"","meta":{"inline_featured_image":false},"product_brand":[],"product_cat":[22],"product_tag":[],"class_list":{"0":"post-4610","1":"product","2":"type-product","3":"status-publish","4":"has-post-thumbnail","6":"product_cat-electronics","8":"first","9":"instock","10":"shipping-taxable","11":"product-type-external"},"_links":{"self":[{"href":"https:\/\/kinderwelt.blog\/de\/wp-json\/wp\/v2\/product\/4610","targetHints":{"allow":["GET"]}}],"collection":[{"href":"https:\/\/kinderwelt.blog\/de\/wp-json\/wp\/v2\/product"}],"about":[{"href":"https:\/\/kinderwelt.blog\/de\/wp-json\/wp\/v2\/types\/product"}],"replies":[{"embeddable":true,"href":"https:\/\/kinderwelt.blog\/de\/wp-json\/wp\/v2\/comments?post=4610"}],"wp:featuredmedia":[{"embeddable":true,"href":"https:\/\/kinderwelt.blog\/de\/wp-json\/wp\/v2\/media\/4611"}],"wp:attachment":[{"href":"https:\/\/kinderwelt.blog\/de\/wp-json\/wp\/v2\/media?parent=4610"}],"wp:term":[{"taxonomy":"product_brand","embeddable":true,"href":"https:\/\/kinderwelt.blog\/de\/wp-json\/wp\/v2\/product_brand?post=4610"},{"taxonomy":"product_cat","embeddable":true,"href":"https:\/\/kinderwelt.blog\/de\/wp-json\/wp\/v2\/product_cat?post=4610"},{"taxonomy":"product_tag","embeddable":true,"href":"https:\/\/kinderwelt.blog\/de\/wp-json\/wp\/v2\/product_tag?post=4610"}],"curies":[{"name":"wp","href":"https:\/\/api.w.org\/{rel}","templated":true}]}}