{"id":470,"date":"2023-06-29T05:15:52","date_gmt":"2023-06-29T05:15:52","guid":{"rendered":"https:\/\/doubletrouble.blog\/de\/?post_type=product&#038;p=470"},"modified":"2023-07-05T18:31:38","modified_gmt":"2023-07-05T18:31:38","slug":"bugaboo-wickeltasche","status":"publish","type":"product","link":"https:\/\/kinderwelt.blog\/de\/product\/bugaboo-wickeltasche\/","title":{"rendered":"Bugaboo Wickeltasche"},"content":{"rendered":"<ul>\n<li>Passend f\u00fcr alle Bugaboo Kinderwagen<\/li>\n<li>Integrierte Befestigungshaken f\u00fcr eine einfache Anbringung an Ihrem Kinderwagen<\/li>\n<li>Weite \u00d6ffnung f\u00fcr einen schnellen und komfortablen Zugang<\/li>\n<li>Vier Innentaschen, ein Fl\u00e4schchenhalter sowie vier Au\u00dfentaschen sorgen jederzeit f\u00fcr Ordnung<\/li>\n<li>Leicht zug\u00e4ngliche, w\u00e4rmeisolierende Fl\u00e4schchentasche au\u00dfen<\/li>\n<li>Die passende Wickelmatte mit zwei Taschen l\u00e4sst sich einfach mit einer Hand zusammenfalten<\/li>\n<li>Griffe im Lederlook und ein verstellbarer Schultergurt<\/li>\n<li>Abwischbares Innenfutter<\/li>\n<\/ul>\n","protected":false},"excerpt":{"rendered":"<p>Passend f\u00fcr alle Bugaboo Kinderwagen Integrierte Befestigungshaken f\u00fcr eine einfache Anbringung an Ihrem Kinderwagen Weite \u00d6ffnung f\u00fcr einen schnellen und komfortablen Zugang Vier Innentaschen, ein Fl\u00e4schchenhalter sowie vier Au\u00dfentaschen sorgen jederzeit f\u00fcr Ordnung Leicht zug\u00e4ngliche, w\u00e4rmeisolierende Fl\u00e4schchentasche au\u00dfen Die passende Wickelmatte mit zwei Taschen l\u00e4sst sich einfach mit einer Hand zusammenfalten Griffe im Lederlook und [&hellip;]<\/p>\n","protected":false},"featured_media":471,"comment_status":"open","ping_status":"closed","template":"","meta":{"inline_featured_image":false},"product_brand":[],"product_cat":[33],"product_tag":[],"class_list":{"0":"post-470","1":"product","2":"type-product","3":"status-publish","4":"has-post-thumbnail","6":"product_cat-stroller","8":"first","9":"instock","10":"shipping-taxable","11":"product-type-external"},"_links":{"self":[{"href":"https:\/\/kinderwelt.blog\/de\/wp-json\/wp\/v2\/product\/470","targetHints":{"allow":["GET"]}}],"collection":[{"href":"https:\/\/kinderwelt.blog\/de\/wp-json\/wp\/v2\/product"}],"about":[{"href":"https:\/\/kinderwelt.blog\/de\/wp-json\/wp\/v2\/types\/product"}],"replies":[{"embeddable":true,"href":"https:\/\/kinderwelt.blog\/de\/wp-json\/wp\/v2\/comments?post=470"}],"wp:featuredmedia":[{"embeddable":true,"href":"https:\/\/kinderwelt.blog\/de\/wp-json\/wp\/v2\/media\/471"}],"wp:attachment":[{"href":"https:\/\/kinderwelt.blog\/de\/wp-json\/wp\/v2\/media?parent=470"}],"wp:term":[{"taxonomy":"product_brand","embeddable":true,"href":"https:\/\/kinderwelt.blog\/de\/wp-json\/wp\/v2\/product_brand?post=470"},{"taxonomy":"product_cat","embeddable":true,"href":"https:\/\/kinderwelt.blog\/de\/wp-json\/wp\/v2\/product_cat?post=470"},{"taxonomy":"product_tag","embeddable":true,"href":"https:\/\/kinderwelt.blog\/de\/wp-json\/wp\/v2\/product_tag?post=470"}],"curies":[{"name":"wp","href":"https:\/\/api.w.org\/{rel}","templated":true}]}}