{"id":4755,"date":"2025-10-24T11:44:14","date_gmt":"2025-10-24T11:44:14","guid":{"rendered":"https:\/\/kinderwelt.blog\/de\/?post_type=product&#038;p=4755"},"modified":"2025-10-24T12:17:06","modified_gmt":"2025-10-24T12:17:06","slug":"bosch-unlimited-7-akku-staubsauger","status":"publish","type":"product","link":"https:\/\/kinderwelt.blog\/de\/product\/bosch-unlimited-7-akku-staubsauger\/","title":{"rendered":"Bosch Unlimited 7 Akku-Staubsauger"},"content":{"rendered":"<ul class=\"a-unordered-list a-vertical a-spacing-mini\">\n<li class=\"a-spacing-mini\"><span class=\"a-list-item\">Sehr starke Saugkraft und 10 Jahre Motorgarantie (3): Gr\u00fcndliche Reinigung auf allen Oberfl\u00e4chen und bis in die Ecken. Keine Kompromisse bei der Leistung und so stark wie ein Kabelsauger (1) mit Bosch Motortechnologie \u201eMade in Germany\u201c<\/span><\/li>\n<li class=\"a-spacing-mini\"><span class=\"a-list-item\">Maximal flexibel: besonders handlich dank praktischem Knickrohr f\u00fcr mehr Wendigkeit und Saugen unter M\u00f6beln, Handger\u00e4t separat verwendbar und leicht abzunehmen<\/span><\/li>\n<li class=\"a-spacing-mini\"><span class=\"a-list-item\">Motorisierte D\u00fcse mit praktischem LED-Licht: starke D\u00fcse mit integrierten LEDs f\u00fcr eine hervorragende Reinigungsleistung auf allen B\u00f6den, auch in dunklen Bereichen<\/span><\/li>\n<li class=\"a-spacing-mini\"><span class=\"a-list-item\">Langlebiger Akku: Hochwertiger Bosch Akku, der leicht zu wechseln ist. Kompatibel mit mehr als 70 Ger\u00e4ten von Bosch und anderen Marken<\/span><\/li>\n<li class=\"a-spacing-mini\"><span class=\"a-list-item\">Vielseitiges Zubeh\u00f6r inklusive \u2013 schnell und einfach wechselbar: 3.0 Ah Akku, lange flexible Fugend\u00fcse, XXL-Polsterd\u00fcse, 2in1 M\u00f6belpinsel &amp; Polsterd\u00fcse, Matratzend\u00fcse, kurze Fugend\u00fcse, Wandhalterung mit Ladefunktion<\/span><\/li>\n<\/ul>\n","protected":false},"excerpt":{"rendered":"<p>Sehr starke Saugkraft und 10 Jahre Motorgarantie (3): Gr\u00fcndliche Reinigung auf allen Oberfl\u00e4chen und bis in die Ecken. Keine Kompromisse bei der Leistung und so stark wie ein Kabelsauger (1) mit Bosch Motortechnologie \u201eMade in Germany\u201c Maximal flexibel: besonders handlich dank praktischem Knickrohr f\u00fcr mehr Wendigkeit und Saugen unter M\u00f6beln, Handger\u00e4t separat verwendbar und leicht [&hellip;]<\/p>\n","protected":false},"featured_media":4756,"comment_status":"open","ping_status":"closed","template":"","meta":{"inline_featured_image":false},"product_brand":[],"product_cat":[22],"product_tag":[],"class_list":{"0":"post-4755","1":"product","2":"type-product","3":"status-publish","4":"has-post-thumbnail","6":"product_cat-electronics","8":"first","9":"instock","10":"shipping-taxable","11":"product-type-external"},"_links":{"self":[{"href":"https:\/\/kinderwelt.blog\/de\/wp-json\/wp\/v2\/product\/4755","targetHints":{"allow":["GET"]}}],"collection":[{"href":"https:\/\/kinderwelt.blog\/de\/wp-json\/wp\/v2\/product"}],"about":[{"href":"https:\/\/kinderwelt.blog\/de\/wp-json\/wp\/v2\/types\/product"}],"replies":[{"embeddable":true,"href":"https:\/\/kinderwelt.blog\/de\/wp-json\/wp\/v2\/comments?post=4755"}],"wp:featuredmedia":[{"embeddable":true,"href":"https:\/\/kinderwelt.blog\/de\/wp-json\/wp\/v2\/media\/4756"}],"wp:attachment":[{"href":"https:\/\/kinderwelt.blog\/de\/wp-json\/wp\/v2\/media?parent=4755"}],"wp:term":[{"taxonomy":"product_brand","embeddable":true,"href":"https:\/\/kinderwelt.blog\/de\/wp-json\/wp\/v2\/product_brand?post=4755"},{"taxonomy":"product_cat","embeddable":true,"href":"https:\/\/kinderwelt.blog\/de\/wp-json\/wp\/v2\/product_cat?post=4755"},{"taxonomy":"product_tag","embeddable":true,"href":"https:\/\/kinderwelt.blog\/de\/wp-json\/wp\/v2\/product_tag?post=4755"}],"curies":[{"name":"wp","href":"https:\/\/api.w.org\/{rel}","templated":true}]}}