{"id":4783,"date":"2025-11-01T16:16:32","date_gmt":"2025-11-01T16:16:32","guid":{"rendered":"https:\/\/kinderwelt.blog\/de\/?post_type=product&#038;p=4783"},"modified":"2025-11-01T16:16:32","modified_gmt":"2025-11-01T16:16:32","slug":"bugaboo-butterfly-2-reisebuggy-set-mit-sicherheitsbuegel-regenabdeckung","status":"publish","type":"product","link":"https:\/\/kinderwelt.blog\/de\/product\/bugaboo-butterfly-2-reisebuggy-set-mit-sicherheitsbuegel-regenabdeckung\/","title":{"rendered":"Bugaboo Butterfly 2 Reisebuggy Set mit Sicherheitsb\u00fcgel &#038; Regenabdeckung"},"content":{"rendered":"<ul class=\"a-unordered-list a-vertical a-spacing-mini\">\n<li class=\"a-spacing-mini\"><span class=\"a-list-item\">Sekundenschnell zusammenklappbar &amp; handgep\u00e4cktauglich \u2013 Der Bugaboo Butterfly 2 Reisebuggy l\u00e4sst sich in nur einer Sekunde mit einer Hand in Handgep\u00e4cksgr\u00f6\u00dfe zusammenfalten<\/span><\/li>\n<li class=\"a-spacing-mini\"><span class=\"a-list-item\">Ergonomischer, verstellbarer Sitz f\u00fcr wachsende Kinder \u2013 Ger\u00e4umiger Sitz mit vollst\u00e4ndig flacher Liegeposition oder aufrechter Sitzhaltung und einh\u00e4ndig verstellbarer Fu\u00dfst\u00fctze f\u00fcr maximalen Komfort von 6 Monaten bis 4 Jahren.<\/span><\/li>\n<li class=\"a-spacing-mini\"><span class=\"a-list-item\">Stabile Fahrt dank Vollfederung und robusten R\u00e4dern \u2013 Gro\u00dfe, langlebige R\u00e4der und fortschrittliche Federung sorgen f\u00fcr eine ruhige und sichere Fahrt auf Gehwegen, Bordsteinen und unebenem Gel\u00e4nde.<\/span><\/li>\n<li class=\"a-spacing-mini\"><span class=\"a-list-item\">Sicherheitsb\u00fcgel f\u00fcr zus\u00e4tzlichen Halt \u2013 Der praktische, verstellbare Bugaboo Butterfly 2 Sicherheitsb\u00fcgel bietet Kindern sicheren Halt und l\u00e4sst sich mit einem Klick am Kinderwagen befestigen und wieder abnehmen<\/span><\/li>\n<li class=\"a-spacing-mini\"><span class=\"a-list-item\">Regenabdeckung f\u00fcr alle Wetterbedingungen \u2013 Die kompatible Regenabdeckung sch\u00fctzt Ihr Kind vor Regen und l\u00e4sst sich bei Bedarf kompakt falten und im Untergestellkorb oder R\u00fcckenfach verstauen.<\/span><\/li>\n<\/ul>\n","protected":false},"excerpt":{"rendered":"<p>Sekundenschnell zusammenklappbar &amp; handgep\u00e4cktauglich \u2013 Der Bugaboo Butterfly 2 Reisebuggy l\u00e4sst sich in nur einer Sekunde mit einer Hand in Handgep\u00e4cksgr\u00f6\u00dfe zusammenfalten Ergonomischer, verstellbarer Sitz f\u00fcr wachsende Kinder \u2013 Ger\u00e4umiger Sitz mit vollst\u00e4ndig flacher Liegeposition oder aufrechter Sitzhaltung und einh\u00e4ndig verstellbarer Fu\u00dfst\u00fctze f\u00fcr maximalen Komfort von 6 Monaten bis 4 Jahren. Stabile Fahrt dank Vollfederung [&hellip;]<\/p>\n","protected":false},"featured_media":4784,"comment_status":"open","ping_status":"closed","template":"","meta":{"inline_featured_image":false},"product_brand":[],"product_cat":[33],"product_tag":[],"class_list":{"0":"post-4783","1":"product","2":"type-product","3":"status-publish","4":"has-post-thumbnail","6":"product_cat-stroller","8":"first","9":"instock","10":"shipping-taxable","11":"product-type-external"},"_links":{"self":[{"href":"https:\/\/kinderwelt.blog\/de\/wp-json\/wp\/v2\/product\/4783","targetHints":{"allow":["GET"]}}],"collection":[{"href":"https:\/\/kinderwelt.blog\/de\/wp-json\/wp\/v2\/product"}],"about":[{"href":"https:\/\/kinderwelt.blog\/de\/wp-json\/wp\/v2\/types\/product"}],"replies":[{"embeddable":true,"href":"https:\/\/kinderwelt.blog\/de\/wp-json\/wp\/v2\/comments?post=4783"}],"wp:featuredmedia":[{"embeddable":true,"href":"https:\/\/kinderwelt.blog\/de\/wp-json\/wp\/v2\/media\/4784"}],"wp:attachment":[{"href":"https:\/\/kinderwelt.blog\/de\/wp-json\/wp\/v2\/media?parent=4783"}],"wp:term":[{"taxonomy":"product_brand","embeddable":true,"href":"https:\/\/kinderwelt.blog\/de\/wp-json\/wp\/v2\/product_brand?post=4783"},{"taxonomy":"product_cat","embeddable":true,"href":"https:\/\/kinderwelt.blog\/de\/wp-json\/wp\/v2\/product_cat?post=4783"},{"taxonomy":"product_tag","embeddable":true,"href":"https:\/\/kinderwelt.blog\/de\/wp-json\/wp\/v2\/product_tag?post=4783"}],"curies":[{"name":"wp","href":"https:\/\/api.w.org\/{rel}","templated":true}]}}