{"id":480,"date":"2023-06-29T05:22:19","date_gmt":"2023-06-29T05:22:19","guid":{"rendered":"https:\/\/doubletrouble.blog\/de\/?post_type=product&#038;p=480"},"modified":"2023-07-05T18:32:00","modified_gmt":"2023-07-05T18:32:00","slug":"bugaboo-winter-fusssack","status":"publish","type":"product","link":"https:\/\/kinderwelt.blog\/de\/product\/bugaboo-winter-fusssack\/","title":{"rendered":"Bugaboo Winter Fu\u00dfsack"},"content":{"rendered":"<ul>\n<li>MUST-HAVE Kinderwagen-Zubeh\u00f6r von Bugaboo f\u00fcr den Winter. Sch\u00fctzt vor Regen, Wind und Schnee und h\u00e4lt dein Kind an kalten Tagen warm, trocken und komfortabel<\/li>\n<li>HOCHWERTIGE MATERIALIEN f\u00fcr ideale Temperatur- und Feuchtigkeitsregulierung. Maschinenwaschbar mit wasserdichter Au\u00dfenh\u00fclle und weichem, atmungsaktivem Fleece-Futter auf der Innenseite<\/li>\n<li>INTEGRIERTE Kapuze mit verstellbarem Kordelzug zum Schutz des Kopfes deines Kindes vor Wind und Wetter VON DER GEBURT BIS ZUM KLEINKINDALTER<\/li>\n<li>Daunenf\u00fcllung aus VERANTWORTUNGSVOLLEN Quellen , die an w\u00e4rmeren Tagen herausgenommen werden kann &#8211; ZWEI-WEGE-<\/li>\n<li>REISSVERSCHLUSS (von oben und unten) f\u00fcr zus\u00e4tzlichen Komfort und Bel\u00fcftung. Eingebauter SCHUHSCHUTZ gegen Schmutz im Fu\u00dfsack<\/li>\n<li>REFLEKTIERENDE ELEMENTE f\u00fcr bessere Sichtbarkeit in den Wintermonaten &#8211; Kompatibel mit allen BUGABOO KINDERWAGEN (au\u00dfer Bugaboo Ant) sowie den meisten anderen Kinderwagen<\/li>\n<\/ul>\n","protected":false},"excerpt":{"rendered":"<p>MUST-HAVE Kinderwagen-Zubeh\u00f6r von Bugaboo f\u00fcr den Winter. Sch\u00fctzt vor Regen, Wind und Schnee und h\u00e4lt dein Kind an kalten Tagen warm, trocken und komfortabel HOCHWERTIGE MATERIALIEN f\u00fcr ideale Temperatur- und Feuchtigkeitsregulierung. Maschinenwaschbar mit wasserdichter Au\u00dfenh\u00fclle und weichem, atmungsaktivem Fleece-Futter auf der Innenseite INTEGRIERTE Kapuze mit verstellbarem Kordelzug zum Schutz des Kopfes deines Kindes vor Wind [&hellip;]<\/p>\n","protected":false},"featured_media":481,"comment_status":"open","ping_status":"closed","template":"","meta":{"inline_featured_image":false},"product_brand":[],"product_cat":[33],"product_tag":[],"class_list":{"0":"post-480","1":"product","2":"type-product","3":"status-publish","4":"has-post-thumbnail","6":"product_cat-stroller","8":"first","9":"instock","10":"shipping-taxable","11":"product-type-external"},"_links":{"self":[{"href":"https:\/\/kinderwelt.blog\/de\/wp-json\/wp\/v2\/product\/480","targetHints":{"allow":["GET"]}}],"collection":[{"href":"https:\/\/kinderwelt.blog\/de\/wp-json\/wp\/v2\/product"}],"about":[{"href":"https:\/\/kinderwelt.blog\/de\/wp-json\/wp\/v2\/types\/product"}],"replies":[{"embeddable":true,"href":"https:\/\/kinderwelt.blog\/de\/wp-json\/wp\/v2\/comments?post=480"}],"wp:featuredmedia":[{"embeddable":true,"href":"https:\/\/kinderwelt.blog\/de\/wp-json\/wp\/v2\/media\/481"}],"wp:attachment":[{"href":"https:\/\/kinderwelt.blog\/de\/wp-json\/wp\/v2\/media?parent=480"}],"wp:term":[{"taxonomy":"product_brand","embeddable":true,"href":"https:\/\/kinderwelt.blog\/de\/wp-json\/wp\/v2\/product_brand?post=480"},{"taxonomy":"product_cat","embeddable":true,"href":"https:\/\/kinderwelt.blog\/de\/wp-json\/wp\/v2\/product_cat?post=480"},{"taxonomy":"product_tag","embeddable":true,"href":"https:\/\/kinderwelt.blog\/de\/wp-json\/wp\/v2\/product_tag?post=480"}],"curies":[{"name":"wp","href":"https:\/\/api.w.org\/{rel}","templated":true}]}}