{"id":482,"date":"2023-06-29T05:23:46","date_gmt":"2023-06-29T05:23:46","guid":{"rendered":"https:\/\/doubletrouble.blog\/de\/?post_type=product&#038;p=482"},"modified":"2023-07-05T18:28:07","modified_gmt":"2023-07-05T18:28:07","slug":"bugaboo-babyschlafsack-cocoon","status":"publish","type":"product","link":"https:\/\/kinderwelt.blog\/de\/product\/bugaboo-babyschlafsack-cocoon\/","title":{"rendered":"Bugaboo Babyschlafsack Cocoon"},"content":{"rendered":"<ul>\n<li>Soft, carrycot-like Position mit abnehmbaren Kopf-St\u00fctze<\/li>\n<li>H\u00e4lt das Baby Cool, bequem und gesch\u00fctzt von Geburt<\/li>\n<li>Reguliert die Temperatur und leitet die Feuchtigkeit<\/li>\n<li>Bietet einfache Klima Control mit klappbaren Top Cover<\/li>\n<li>Zur Befestigung an der Sitz von Ihr Bugaboo Bee und passt mit dem Geschirr f\u00fcr eine sichere Fahrt<\/li>\n<\/ul>\n","protected":false},"excerpt":{"rendered":"<p>Soft, carrycot-like Position mit abnehmbaren Kopf-St\u00fctze H\u00e4lt das Baby Cool, bequem und gesch\u00fctzt von Geburt Reguliert die Temperatur und leitet die Feuchtigkeit Bietet einfache Klima Control mit klappbaren Top Cover Zur Befestigung an der Sitz von Ihr Bugaboo Bee und passt mit dem Geschirr f\u00fcr eine sichere Fahrt<\/p>\n","protected":false},"featured_media":483,"comment_status":"open","ping_status":"closed","template":"","meta":{"inline_featured_image":false},"product_brand":[],"product_cat":[33],"product_tag":[],"class_list":{"0":"post-482","1":"product","2":"type-product","3":"status-publish","4":"has-post-thumbnail","6":"product_cat-stroller","8":"first","9":"instock","10":"shipping-taxable","11":"product-type-external"},"_links":{"self":[{"href":"https:\/\/kinderwelt.blog\/de\/wp-json\/wp\/v2\/product\/482","targetHints":{"allow":["GET"]}}],"collection":[{"href":"https:\/\/kinderwelt.blog\/de\/wp-json\/wp\/v2\/product"}],"about":[{"href":"https:\/\/kinderwelt.blog\/de\/wp-json\/wp\/v2\/types\/product"}],"replies":[{"embeddable":true,"href":"https:\/\/kinderwelt.blog\/de\/wp-json\/wp\/v2\/comments?post=482"}],"wp:featuredmedia":[{"embeddable":true,"href":"https:\/\/kinderwelt.blog\/de\/wp-json\/wp\/v2\/media\/483"}],"wp:attachment":[{"href":"https:\/\/kinderwelt.blog\/de\/wp-json\/wp\/v2\/media?parent=482"}],"wp:term":[{"taxonomy":"product_brand","embeddable":true,"href":"https:\/\/kinderwelt.blog\/de\/wp-json\/wp\/v2\/product_brand?post=482"},{"taxonomy":"product_cat","embeddable":true,"href":"https:\/\/kinderwelt.blog\/de\/wp-json\/wp\/v2\/product_cat?post=482"},{"taxonomy":"product_tag","embeddable":true,"href":"https:\/\/kinderwelt.blog\/de\/wp-json\/wp\/v2\/product_tag?post=482"}],"curies":[{"name":"wp","href":"https:\/\/api.w.org\/{rel}","templated":true}]}}