{"id":487,"date":"2023-06-29T05:31:35","date_gmt":"2023-06-29T05:31:35","guid":{"rendered":"https:\/\/doubletrouble.blog\/de\/?post_type=product&#038;p=487"},"modified":"2023-07-05T18:30:24","modified_gmt":"2023-07-05T18:30:24","slug":"bugaboo-donkey-5-twin-erweiterungsset","status":"publish","type":"product","link":"https:\/\/kinderwelt.blog\/de\/product\/bugaboo-donkey-5-twin-erweiterungsset\/","title":{"rendered":"Bugaboo Donkey 5 Twin Erweiterungsset"},"content":{"rendered":"<ul>\n<li>Das neue Bugaboo Donkey 5 Twin Erweiterungsset enth\u00e4lt alles, was du brauchst, um deinen Mono-Kinderwagen mit nur 3 Klicks in einen Zwillingskinderwagen zu verwandeln<\/li>\n<li>Das neue Bugaboo Donkey 5 Twin Erweiterungsset enth\u00e4lt alles, was du brauchst, um deinen Mono-Kinderwagen mit nur 3 Klicks in einen Zwillingskinderwagen zu verwandeln<\/li>\n<li>Durchdachtes und vereinfachtes Zusammenklappen, wobei das Aufklappen jetzt durch einfaches Ziehen an der Griffstange erfolgt; das Ein-Hand-Design zum Neigen, Schieben, Lenken und Drehen bietet eine bessere Man\u00f6vrierbarkeit auch mit 2 Kindern<\/li>\n<li>Die Liegewanne un der Sitz (jeweils bis 22 kg) sind jetzt h\u00f6her positioniert, um eine bessere Interaktion mit den Kindern zu erm\u00f6glichen, w\u00e4hrend unser einzigartiges Side-By-Side Design den gleichen Komfort f\u00fcr dein Baby gew\u00e4hrleistet<\/li>\n<li>Die verbesserte Liegewanne mit dem neuen, luftigen Bel\u00fcftungspanel bietet besseren Schutz bei jedem Wetter, w\u00e4hrend die gro\u00dfen, pannensicheren R\u00e4der f\u00fcr eine reibungslose Fahrt in jedem Gel\u00e4nde sorgen<\/li>\n<\/ul>\n","protected":false},"excerpt":{"rendered":"<p>Das neue Bugaboo Donkey 5 Twin Erweiterungsset enth\u00e4lt alles, was du brauchst, um deinen Mono-Kinderwagen mit nur 3 Klicks in einen Zwillingskinderwagen zu verwandeln Das neue Bugaboo Donkey 5 Twin Erweiterungsset enth\u00e4lt alles, was du brauchst, um deinen Mono-Kinderwagen mit nur 3 Klicks in einen Zwillingskinderwagen zu verwandeln Durchdachtes und vereinfachtes Zusammenklappen, wobei das Aufklappen [&hellip;]<\/p>\n","protected":false},"featured_media":488,"comment_status":"open","ping_status":"closed","template":"","meta":{"inline_featured_image":false},"product_brand":[],"product_cat":[33],"product_tag":[],"class_list":{"0":"post-487","1":"product","2":"type-product","3":"status-publish","4":"has-post-thumbnail","6":"product_cat-stroller","8":"first","9":"instock","10":"shipping-taxable","11":"product-type-external"},"_links":{"self":[{"href":"https:\/\/kinderwelt.blog\/de\/wp-json\/wp\/v2\/product\/487","targetHints":{"allow":["GET"]}}],"collection":[{"href":"https:\/\/kinderwelt.blog\/de\/wp-json\/wp\/v2\/product"}],"about":[{"href":"https:\/\/kinderwelt.blog\/de\/wp-json\/wp\/v2\/types\/product"}],"replies":[{"embeddable":true,"href":"https:\/\/kinderwelt.blog\/de\/wp-json\/wp\/v2\/comments?post=487"}],"wp:featuredmedia":[{"embeddable":true,"href":"https:\/\/kinderwelt.blog\/de\/wp-json\/wp\/v2\/media\/488"}],"wp:attachment":[{"href":"https:\/\/kinderwelt.blog\/de\/wp-json\/wp\/v2\/media?parent=487"}],"wp:term":[{"taxonomy":"product_brand","embeddable":true,"href":"https:\/\/kinderwelt.blog\/de\/wp-json\/wp\/v2\/product_brand?post=487"},{"taxonomy":"product_cat","embeddable":true,"href":"https:\/\/kinderwelt.blog\/de\/wp-json\/wp\/v2\/product_cat?post=487"},{"taxonomy":"product_tag","embeddable":true,"href":"https:\/\/kinderwelt.blog\/de\/wp-json\/wp\/v2\/product_tag?post=487"}],"curies":[{"name":"wp","href":"https:\/\/api.w.org\/{rel}","templated":true}]}}