{"id":493,"date":"2023-06-29T05:52:07","date_gmt":"2023-06-29T05:52:07","guid":{"rendered":"https:\/\/doubletrouble.blog\/de\/?post_type=product&#038;p=493"},"modified":"2023-07-05T18:27:49","modified_gmt":"2023-07-05T18:27:49","slug":"bugaboo-autositz-adapter","status":"publish","type":"product","link":"https:\/\/kinderwelt.blog\/de\/product\/bugaboo-autositz-adapter\/","title":{"rendered":"Bugaboo Autositz Adapter"},"content":{"rendered":"<ul>\n<li>Bietet eine sichere Verbindung zwischen deinem Autositz und den Kinderwagen Bugaboo Donkey, Donkey 2 und 3 als Einzel- und Duomodell<\/li>\n<li>Adapter kompatibel mit Bugaboo Turtle Air by Nuna, Cybex, BeSafe, Kiddy, Maxi-Cosi und Nuna Autositzen (vollst\u00e4ndige Liste in der Produktbeschreibung)<\/li>\n<li>Mit dem Click-and-Go-System kannst du schnell und einfach vom Auto zum Kinderwagen wechseln. Befestige den Adapter einfach an dem Gestell und schaffe im Handumdrehen ein unkompliziertes, leichtes und komfortables Reisesystem<\/li>\n<li>F\u00fcr einen reibungslosen Familienausflug k\u00f6nnen die Donkey-Adapter in Duo-Konfiguration verwendet werden, w\u00e4hrend der zus\u00e4tzliche Sitz im Sitzmodus ist<\/li>\n<li>Funktionell und einfach zu installieren, machen die Bugaboo-Adapter Eltern und Babys bereit f\u00fcr gemeinsame Entdeckungen<\/li>\n<\/ul>\n","protected":false},"excerpt":{"rendered":"<p>Bietet eine sichere Verbindung zwischen deinem Autositz und den Kinderwagen Bugaboo Donkey, Donkey 2 und 3 als Einzel- und Duomodell Adapter kompatibel mit Bugaboo Turtle Air by Nuna, Cybex, BeSafe, Kiddy, Maxi-Cosi und Nuna Autositzen (vollst\u00e4ndige Liste in der Produktbeschreibung) Mit dem Click-and-Go-System kannst du schnell und einfach vom Auto zum Kinderwagen wechseln. Befestige den [&hellip;]<\/p>\n","protected":false},"featured_media":494,"comment_status":"open","ping_status":"closed","template":"","meta":{"inline_featured_image":false},"product_brand":[],"product_cat":[33],"product_tag":[],"class_list":{"0":"post-493","1":"product","2":"type-product","3":"status-publish","4":"has-post-thumbnail","6":"product_cat-stroller","8":"first","9":"instock","10":"shipping-taxable","11":"product-type-external"},"_links":{"self":[{"href":"https:\/\/kinderwelt.blog\/de\/wp-json\/wp\/v2\/product\/493","targetHints":{"allow":["GET"]}}],"collection":[{"href":"https:\/\/kinderwelt.blog\/de\/wp-json\/wp\/v2\/product"}],"about":[{"href":"https:\/\/kinderwelt.blog\/de\/wp-json\/wp\/v2\/types\/product"}],"replies":[{"embeddable":true,"href":"https:\/\/kinderwelt.blog\/de\/wp-json\/wp\/v2\/comments?post=493"}],"wp:featuredmedia":[{"embeddable":true,"href":"https:\/\/kinderwelt.blog\/de\/wp-json\/wp\/v2\/media\/494"}],"wp:attachment":[{"href":"https:\/\/kinderwelt.blog\/de\/wp-json\/wp\/v2\/media?parent=493"}],"wp:term":[{"taxonomy":"product_brand","embeddable":true,"href":"https:\/\/kinderwelt.blog\/de\/wp-json\/wp\/v2\/product_brand?post=493"},{"taxonomy":"product_cat","embeddable":true,"href":"https:\/\/kinderwelt.blog\/de\/wp-json\/wp\/v2\/product_cat?post=493"},{"taxonomy":"product_tag","embeddable":true,"href":"https:\/\/kinderwelt.blog\/de\/wp-json\/wp\/v2\/product_tag?post=493"}],"curies":[{"name":"wp","href":"https:\/\/api.w.org\/{rel}","templated":true}]}}