{"id":560,"date":"2023-06-29T07:29:25","date_gmt":"2023-06-29T07:29:25","guid":{"rendered":"https:\/\/doubletrouble.blog\/de\/?post_type=product&#038;p=560"},"modified":"2023-07-05T18:32:14","modified_gmt":"2023-07-05T18:32:14","slug":"doona-babyschale-aufklappbar-mit-raedern","status":"publish","type":"product","link":"https:\/\/kinderwelt.blog\/de\/product\/doona-babyschale-aufklappbar-mit-raedern\/","title":{"rendered":"Doona+ Babyschale aufklappbar mit R\u00e4dern"},"content":{"rendered":"<p>Die praktische L\u00f6sung f\u00fcr kurze Wege. Die Babyschale verf\u00fcgt \u00fcber ein integriertes Fahrgestell wodurch Sie kein Extra Gestell mitnehmen brauchen. Die Babyschale ist von 0-13 kg geeignet.<\/p>\n","protected":false},"excerpt":{"rendered":"<p>Die praktische L\u00f6sung f\u00fcr kurze Wege. Die Babyschale verf\u00fcgt \u00fcber ein integriertes Fahrgestell wodurch Sie kein Extra Gestell mitnehmen brauchen. Die Babyschale ist von 0-13 kg geeignet.<\/p>\n","protected":false},"featured_media":561,"comment_status":"open","ping_status":"closed","template":"","meta":{"inline_featured_image":false},"product_brand":[],"product_cat":[33],"product_tag":[],"class_list":{"0":"post-560","1":"product","2":"type-product","3":"status-publish","4":"has-post-thumbnail","6":"product_cat-stroller","8":"first","9":"instock","10":"shipping-taxable","11":"product-type-external"},"_links":{"self":[{"href":"https:\/\/kinderwelt.blog\/de\/wp-json\/wp\/v2\/product\/560","targetHints":{"allow":["GET"]}}],"collection":[{"href":"https:\/\/kinderwelt.blog\/de\/wp-json\/wp\/v2\/product"}],"about":[{"href":"https:\/\/kinderwelt.blog\/de\/wp-json\/wp\/v2\/types\/product"}],"replies":[{"embeddable":true,"href":"https:\/\/kinderwelt.blog\/de\/wp-json\/wp\/v2\/comments?post=560"}],"wp:featuredmedia":[{"embeddable":true,"href":"https:\/\/kinderwelt.blog\/de\/wp-json\/wp\/v2\/media\/561"}],"wp:attachment":[{"href":"https:\/\/kinderwelt.blog\/de\/wp-json\/wp\/v2\/media?parent=560"}],"wp:term":[{"taxonomy":"product_brand","embeddable":true,"href":"https:\/\/kinderwelt.blog\/de\/wp-json\/wp\/v2\/product_brand?post=560"},{"taxonomy":"product_cat","embeddable":true,"href":"https:\/\/kinderwelt.blog\/de\/wp-json\/wp\/v2\/product_cat?post=560"},{"taxonomy":"product_tag","embeddable":true,"href":"https:\/\/kinderwelt.blog\/de\/wp-json\/wp\/v2\/product_tag?post=560"}],"curies":[{"name":"wp","href":"https:\/\/api.w.org\/{rel}","templated":true}]}}