{"id":586,"date":"2023-06-29T07:51:05","date_gmt":"2023-06-29T07:51:05","guid":{"rendered":"https:\/\/doubletrouble.blog\/de\/?post_type=product&#038;p=586"},"modified":"2023-07-05T18:30:58","modified_gmt":"2023-07-05T18:30:58","slug":"bugaboo-mitfahrbrett","status":"publish","type":"product","link":"https:\/\/kinderwelt.blog\/de\/product\/bugaboo-mitfahrbrett\/","title":{"rendered":"Bugaboo Mitfahrbrett"},"content":{"rendered":"<ul>\n<li>Das Bugaboo Komfort-Mitfahrbrett ist ideal f\u00fcr Eltern, die mit Baby und Kleinkind unterwegs sind. Es macht jeden Bugaboo Kinderwagen mit nur ein paar Klicks vielseitiger nutzbar, so dass lange Spazierg\u00e4nge mit Kindern noch mehr Spa\u00df machen.<\/li>\n<li>F\u00fcr die Modelle Bee5 Bee6, Fox und Ant ist aufgrund integrierter Befestigungspunkte kein Adapter erforderlich.<\/li>\n<li>Zus\u00e4zlicher Adapter erforderlich (separat erh\u00e4tlich) f\u00fcr die Bugaboo Kinderwagen Modelle Cameleon+,Cameleon3, Bee+, Bee3, Buffalo und Donkey.<\/li>\n<li>Durch die flexiblen Anbringungsm\u00f6glichkeiten des Bretts nach links oder rechts kann es je nach Elternwunsch angebracht werden.<\/li>\n<li>Dank des einfach anzubringenden Sitzes kann Ihr Kind au\u00dferdem selbst entscheiden, ob es stehend oder sitzend mitfahren m\u00f6chte.<\/li>\n<\/ul>\n","protected":false},"excerpt":{"rendered":"<p>Das Bugaboo Komfort-Mitfahrbrett ist ideal f\u00fcr Eltern, die mit Baby und Kleinkind unterwegs sind. Es macht jeden Bugaboo Kinderwagen mit nur ein paar Klicks vielseitiger nutzbar, so dass lange Spazierg\u00e4nge mit Kindern noch mehr Spa\u00df machen. F\u00fcr die Modelle Bee5 Bee6, Fox und Ant ist aufgrund integrierter Befestigungspunkte kein Adapter erforderlich. Zus\u00e4zlicher Adapter erforderlich (separat [&hellip;]<\/p>\n","protected":false},"featured_media":587,"comment_status":"open","ping_status":"closed","template":"","meta":{"inline_featured_image":false},"product_brand":[],"product_cat":[33],"product_tag":[],"class_list":{"0":"post-586","1":"product","2":"type-product","3":"status-publish","4":"has-post-thumbnail","6":"product_cat-stroller","8":"first","9":"instock","10":"shipping-taxable","11":"product-type-external"},"_links":{"self":[{"href":"https:\/\/kinderwelt.blog\/de\/wp-json\/wp\/v2\/product\/586","targetHints":{"allow":["GET"]}}],"collection":[{"href":"https:\/\/kinderwelt.blog\/de\/wp-json\/wp\/v2\/product"}],"about":[{"href":"https:\/\/kinderwelt.blog\/de\/wp-json\/wp\/v2\/types\/product"}],"replies":[{"embeddable":true,"href":"https:\/\/kinderwelt.blog\/de\/wp-json\/wp\/v2\/comments?post=586"}],"wp:featuredmedia":[{"embeddable":true,"href":"https:\/\/kinderwelt.blog\/de\/wp-json\/wp\/v2\/media\/587"}],"wp:attachment":[{"href":"https:\/\/kinderwelt.blog\/de\/wp-json\/wp\/v2\/media?parent=586"}],"wp:term":[{"taxonomy":"product_brand","embeddable":true,"href":"https:\/\/kinderwelt.blog\/de\/wp-json\/wp\/v2\/product_brand?post=586"},{"taxonomy":"product_cat","embeddable":true,"href":"https:\/\/kinderwelt.blog\/de\/wp-json\/wp\/v2\/product_cat?post=586"},{"taxonomy":"product_tag","embeddable":true,"href":"https:\/\/kinderwelt.blog\/de\/wp-json\/wp\/v2\/product_tag?post=586"}],"curies":[{"name":"wp","href":"https:\/\/api.w.org\/{rel}","templated":true}]}}