{"id":594,"date":"2023-06-29T07:55:42","date_gmt":"2023-06-29T07:55:42","guid":{"rendered":"https:\/\/doubletrouble.blog\/de\/?post_type=product&#038;p=594"},"modified":"2023-07-05T18:29:17","modified_gmt":"2023-07-05T18:29:17","slug":"bugaboo-becherhalter","status":"publish","type":"product","link":"https:\/\/kinderwelt.blog\/de\/product\/bugaboo-becherhalter\/","title":{"rendered":"Bugaboo Becherhalter+"},"content":{"rendered":"<ul>\n<li>Passend f\u00fcr alle Bugaboo Kinderwagen, leicht mit einem Klick zu befestigen und abzunehmen<\/li>\n<li>H\u00e4lt unterschiedlich gro\u00dfe Becher und Flaschen aufrecht und verhindert das Versch\u00fctten<\/li>\n<li>L\u00e4sst sich am Schiebeb\u00fcgel befestigen, damit Getr\u00e4nke immer griffbereit sind<\/li>\n<li>H\u00e4lt Ihnen die H\u00e4nde frei, damit Sie die Spazierfahrt genie\u00dfen k\u00f6nnen<\/li>\n<li>Leicht zu reinigen, mit Platz f\u00fcr Getr\u00e4nke bis zu 500 ml (nicht geeignet f\u00fcr Hei\u00dfgetr\u00e4nke)<\/li>\n<\/ul>\n","protected":false},"excerpt":{"rendered":"<p>Passend f\u00fcr alle Bugaboo Kinderwagen, leicht mit einem Klick zu befestigen und abzunehmen H\u00e4lt unterschiedlich gro\u00dfe Becher und Flaschen aufrecht und verhindert das Versch\u00fctten L\u00e4sst sich am Schiebeb\u00fcgel befestigen, damit Getr\u00e4nke immer griffbereit sind H\u00e4lt Ihnen die H\u00e4nde frei, damit Sie die Spazierfahrt genie\u00dfen k\u00f6nnen Leicht zu reinigen, mit Platz f\u00fcr Getr\u00e4nke bis zu 500 [&hellip;]<\/p>\n","protected":false},"featured_media":595,"comment_status":"open","ping_status":"closed","template":"","meta":{"inline_featured_image":false},"product_brand":[],"product_cat":[33],"product_tag":[],"class_list":{"0":"post-594","1":"product","2":"type-product","3":"status-publish","4":"has-post-thumbnail","6":"product_cat-stroller","8":"first","9":"instock","10":"shipping-taxable","11":"product-type-external"},"_links":{"self":[{"href":"https:\/\/kinderwelt.blog\/de\/wp-json\/wp\/v2\/product\/594","targetHints":{"allow":["GET"]}}],"collection":[{"href":"https:\/\/kinderwelt.blog\/de\/wp-json\/wp\/v2\/product"}],"about":[{"href":"https:\/\/kinderwelt.blog\/de\/wp-json\/wp\/v2\/types\/product"}],"replies":[{"embeddable":true,"href":"https:\/\/kinderwelt.blog\/de\/wp-json\/wp\/v2\/comments?post=594"}],"wp:featuredmedia":[{"embeddable":true,"href":"https:\/\/kinderwelt.blog\/de\/wp-json\/wp\/v2\/media\/595"}],"wp:attachment":[{"href":"https:\/\/kinderwelt.blog\/de\/wp-json\/wp\/v2\/media?parent=594"}],"wp:term":[{"taxonomy":"product_brand","embeddable":true,"href":"https:\/\/kinderwelt.blog\/de\/wp-json\/wp\/v2\/product_brand?post=594"},{"taxonomy":"product_cat","embeddable":true,"href":"https:\/\/kinderwelt.blog\/de\/wp-json\/wp\/v2\/product_cat?post=594"},{"taxonomy":"product_tag","embeddable":true,"href":"https:\/\/kinderwelt.blog\/de\/wp-json\/wp\/v2\/product_tag?post=594"}],"curies":[{"name":"wp","href":"https:\/\/api.w.org\/{rel}","templated":true}]}}