{"id":597,"date":"2023-06-29T07:59:17","date_gmt":"2023-06-29T07:59:17","guid":{"rendered":"https:\/\/doubletrouble.blog\/de\/?post_type=product&#038;p=597"},"modified":"2023-07-05T18:31:14","modified_gmt":"2023-07-05T18:31:14","slug":"bugaboo-smartphone-halterung","status":"publish","type":"product","link":"https:\/\/kinderwelt.blog\/de\/product\/bugaboo-smartphone-halterung\/","title":{"rendered":"Bugaboo Smartphone Halterung"},"content":{"rendered":"<ul>\n<li>Passend f\u00fcr alle Bugaboo Kinderwagen<\/li>\n<li>Selbststeh-Funktion erm\u00f6glicht auch Verwendung auf dem Tisch<\/li>\n<li>Dank dem praktischen Click &amp; Go-System l\u00e4sst sich ihr Smartphone einfach am Schiebeb\u00fcgel befestigen<\/li>\n<li>Universelle, erweiterbare Halterung h\u00e4lt jedes Smartphone sicher an seinem Platz<\/li>\n<li>Das um 360\u00b0 drehbare Kugelgelenk des Smartphone Holder erlaubt aus jedem Winkel einen optimalen Blick aufs Display<\/li>\n<li>Macht das Navigieren, Fotografieren, Musikh\u00f6ren oder die Verwendung Ihrer Fitness-App einfacher als je zuvor, w\u00e4hrend Sie gemeinsam mit Ihrem Kind die Welt erkunden<\/li>\n<\/ul>\n","protected":false},"excerpt":{"rendered":"<p>Passend f\u00fcr alle Bugaboo Kinderwagen Selbststeh-Funktion erm\u00f6glicht auch Verwendung auf dem Tisch Dank dem praktischen Click &amp; Go-System l\u00e4sst sich ihr Smartphone einfach am Schiebeb\u00fcgel befestigen Universelle, erweiterbare Halterung h\u00e4lt jedes Smartphone sicher an seinem Platz Das um 360\u00b0 drehbare Kugelgelenk des Smartphone Holder erlaubt aus jedem Winkel einen optimalen Blick aufs Display Macht das [&hellip;]<\/p>\n","protected":false},"featured_media":598,"comment_status":"open","ping_status":"closed","template":"","meta":{"inline_featured_image":false},"product_brand":[],"product_cat":[33],"product_tag":[],"class_list":{"0":"post-597","1":"product","2":"type-product","3":"status-publish","4":"has-post-thumbnail","6":"product_cat-stroller","8":"first","9":"instock","10":"shipping-taxable","11":"product-type-external"},"_links":{"self":[{"href":"https:\/\/kinderwelt.blog\/de\/wp-json\/wp\/v2\/product\/597","targetHints":{"allow":["GET"]}}],"collection":[{"href":"https:\/\/kinderwelt.blog\/de\/wp-json\/wp\/v2\/product"}],"about":[{"href":"https:\/\/kinderwelt.blog\/de\/wp-json\/wp\/v2\/types\/product"}],"replies":[{"embeddable":true,"href":"https:\/\/kinderwelt.blog\/de\/wp-json\/wp\/v2\/comments?post=597"}],"wp:featuredmedia":[{"embeddable":true,"href":"https:\/\/kinderwelt.blog\/de\/wp-json\/wp\/v2\/media\/598"}],"wp:attachment":[{"href":"https:\/\/kinderwelt.blog\/de\/wp-json\/wp\/v2\/media?parent=597"}],"wp:term":[{"taxonomy":"product_brand","embeddable":true,"href":"https:\/\/kinderwelt.blog\/de\/wp-json\/wp\/v2\/product_brand?post=597"},{"taxonomy":"product_cat","embeddable":true,"href":"https:\/\/kinderwelt.blog\/de\/wp-json\/wp\/v2\/product_cat?post=597"},{"taxonomy":"product_tag","embeddable":true,"href":"https:\/\/kinderwelt.blog\/de\/wp-json\/wp\/v2\/product_tag?post=597"}],"curies":[{"name":"wp","href":"https:\/\/api.w.org\/{rel}","templated":true}]}}