{"id":705,"date":"2023-07-01T12:22:54","date_gmt":"2023-07-01T12:22:54","guid":{"rendered":"https:\/\/doubletrouble.blog\/de\/?post_type=product&#038;p=705"},"modified":"2023-07-05T18:35:03","modified_gmt":"2023-07-05T18:35:03","slug":"manduca-xt-babytrage","status":"publish","type":"product","link":"https:\/\/kinderwelt.blog\/de\/product\/manduca-xt-babytrage\/","title":{"rendered":"Manduca XT Babytrage"},"content":{"rendered":"<ul>\n<li>Patentierte R\u00fcckenverl\u00e4ngerung mit drei H\u00f6heneinstellungen<\/li>\n<li>Erh\u00e4ltlich in vielen sch\u00f6nen Farben und Limited Editions<\/li>\n<li>Anatomisch geformter H\u00fcftgurt<\/li>\n<li>Passt gro\u00dfen und kleinen Eltern<\/li>\n<\/ul>\n","protected":false},"excerpt":{"rendered":"<p>Patentierte R\u00fcckenverl\u00e4ngerung mit drei H\u00f6heneinstellungen Erh\u00e4ltlich in vielen sch\u00f6nen Farben und Limited Editions Anatomisch geformter H\u00fcftgurt Passt gro\u00dfen und kleinen Eltern<\/p>\n","protected":false},"featured_media":707,"comment_status":"open","ping_status":"closed","template":"","meta":{"inline_featured_image":false},"product_brand":[],"product_cat":[34],"product_tag":[],"class_list":{"0":"post-705","1":"product","2":"type-product","3":"status-publish","4":"has-post-thumbnail","6":"product_cat-carrier","8":"first","9":"instock","10":"shipping-taxable","11":"product-type-external"},"_links":{"self":[{"href":"https:\/\/kinderwelt.blog\/de\/wp-json\/wp\/v2\/product\/705","targetHints":{"allow":["GET"]}}],"collection":[{"href":"https:\/\/kinderwelt.blog\/de\/wp-json\/wp\/v2\/product"}],"about":[{"href":"https:\/\/kinderwelt.blog\/de\/wp-json\/wp\/v2\/types\/product"}],"replies":[{"embeddable":true,"href":"https:\/\/kinderwelt.blog\/de\/wp-json\/wp\/v2\/comments?post=705"}],"wp:featuredmedia":[{"embeddable":true,"href":"https:\/\/kinderwelt.blog\/de\/wp-json\/wp\/v2\/media\/707"}],"wp:attachment":[{"href":"https:\/\/kinderwelt.blog\/de\/wp-json\/wp\/v2\/media?parent=705"}],"wp:term":[{"taxonomy":"product_brand","embeddable":true,"href":"https:\/\/kinderwelt.blog\/de\/wp-json\/wp\/v2\/product_brand?post=705"},{"taxonomy":"product_cat","embeddable":true,"href":"https:\/\/kinderwelt.blog\/de\/wp-json\/wp\/v2\/product_cat?post=705"},{"taxonomy":"product_tag","embeddable":true,"href":"https:\/\/kinderwelt.blog\/de\/wp-json\/wp\/v2\/product_tag?post=705"}],"curies":[{"name":"wp","href":"https:\/\/api.w.org\/{rel}","templated":true}]}}