{"id":799,"date":"2023-07-03T12:10:48","date_gmt":"2023-07-03T12:10:48","guid":{"rendered":"https:\/\/doubletrouble.blog\/de\/?post_type=product&#038;p=799"},"modified":"2023-07-05T18:32:48","modified_gmt":"2023-07-05T18:32:48","slug":"ergobaby-omni-dream","status":"publish","type":"product","link":"https:\/\/kinderwelt.blog\/de\/product\/ergobaby-omni-dream\/","title":{"rendered":"Ergobaby Omni Dream"},"content":{"rendered":"<ul>\n<li>ERGONOMISCHE BABYTRAGE &#8211; 4 Tragepositionen: Bauch-, H\u00fcft-, R\u00fccken- und Fronttrageweise in Blickrichtung nach vorne. Die gr\u00f6\u00dfenverstellbare Stegbreite unterst\u00fctzt ab Geburt bis zum Kleinkind (3,2-20,4 kg) die nat\u00fcrliche, ergonomische Anhock-Spreiz-Haltung (M-Position)<\/li>\n<li>WEICH UND KUSCHLIG &#8211; Die geb\u00fcrstete Baumwolle sorgt f\u00fcr eine besonders sanfte Oberfl\u00e4che, die perfekt f\u00fcr die weiche Haut von Babys geeignet ist<\/li>\n<li>MAXIMALER TRAGEKOMFORT &#8211; Lordosenst\u00fctze sowie individuell anpassbare, gepolsterte Schultergurte mit \u00dcber-Kreuz Option f\u00fcr eine noch komfortablere Passform und extra langen Trage-Komfort<\/li>\n<li>SCHUTZ IM ALLTAG &#8211; Mit gepolsterter, faltbarer Nacken- und Kopfst\u00fctze, verstaubarer Kapuze f\u00fcr Sonnen- und Sichtschutz (zum Stillen), sowie reflektierender Akzente f\u00fcr mehr Sichtbarkeit<\/li>\n<li>AUSGEZEICHNET vom International Hip Dysplasia Institut als \u201egesund f\u00fcr die H\u00fcften\u201d und mit dem G\u00fctesiegel der \u201eAktion gesunder R\u00fccken e.V.\u201c<\/li>\n<\/ul>\n","protected":false},"excerpt":{"rendered":"<p>ERGONOMISCHE BABYTRAGE &#8211; 4 Tragepositionen: Bauch-, H\u00fcft-, R\u00fccken- und Fronttrageweise in Blickrichtung nach vorne. Die gr\u00f6\u00dfenverstellbare Stegbreite unterst\u00fctzt ab Geburt bis zum Kleinkind (3,2-20,4 kg) die nat\u00fcrliche, ergonomische Anhock-Spreiz-Haltung (M-Position) WEICH UND KUSCHLIG &#8211; Die geb\u00fcrstete Baumwolle sorgt f\u00fcr eine besonders sanfte Oberfl\u00e4che, die perfekt f\u00fcr die weiche Haut von Babys geeignet ist MAXIMALER TRAGEKOMFORT [&hellip;]<\/p>\n","protected":false},"featured_media":800,"comment_status":"open","ping_status":"closed","template":"","meta":{"inline_featured_image":false},"product_brand":[],"product_cat":[34],"product_tag":[],"class_list":{"0":"post-799","1":"product","2":"type-product","3":"status-publish","4":"has-post-thumbnail","6":"product_cat-carrier","8":"first","9":"instock","10":"shipping-taxable","11":"product-type-external"},"_links":{"self":[{"href":"https:\/\/kinderwelt.blog\/de\/wp-json\/wp\/v2\/product\/799","targetHints":{"allow":["GET"]}}],"collection":[{"href":"https:\/\/kinderwelt.blog\/de\/wp-json\/wp\/v2\/product"}],"about":[{"href":"https:\/\/kinderwelt.blog\/de\/wp-json\/wp\/v2\/types\/product"}],"replies":[{"embeddable":true,"href":"https:\/\/kinderwelt.blog\/de\/wp-json\/wp\/v2\/comments?post=799"}],"wp:featuredmedia":[{"embeddable":true,"href":"https:\/\/kinderwelt.blog\/de\/wp-json\/wp\/v2\/media\/800"}],"wp:attachment":[{"href":"https:\/\/kinderwelt.blog\/de\/wp-json\/wp\/v2\/media?parent=799"}],"wp:term":[{"taxonomy":"product_brand","embeddable":true,"href":"https:\/\/kinderwelt.blog\/de\/wp-json\/wp\/v2\/product_brand?post=799"},{"taxonomy":"product_cat","embeddable":true,"href":"https:\/\/kinderwelt.blog\/de\/wp-json\/wp\/v2\/product_cat?post=799"},{"taxonomy":"product_tag","embeddable":true,"href":"https:\/\/kinderwelt.blog\/de\/wp-json\/wp\/v2\/product_tag?post=799"}],"curies":[{"name":"wp","href":"https:\/\/api.w.org\/{rel}","templated":true}]}}