{"id":904,"date":"2023-07-06T05:33:22","date_gmt":"2023-07-06T05:33:22","guid":{"rendered":"https:\/\/doubletrouble.blog\/de\/?post_type=product&#038;p=904"},"modified":"2023-07-07T14:50:08","modified_gmt":"2023-07-07T14:50:08","slug":"manduca-by-mam-tragecover-flex","status":"publish","type":"product","link":"https:\/\/kinderwelt.blog\/de\/product\/manduca-by-mam-tragecover-flex\/","title":{"rendered":"Manduca by MaM Tragecover Flex"},"content":{"rendered":"<ul>\n<li>Das Winter Cover Deluxe Flex ist der Klassiker unter den manduca by MaM Tragecovern. Extra warm f\u00fcr den Winter (doppellagiges Innenfleece &amp; Obermaterial aus Mikrofaser), teilweise aus recycelten Fasern, reflektierendes Piping f\u00fcr die dunkle Jahreszeit<\/li>\n<li>Wie alle manduca by MaM Tragecover Flex besonders einfach und flexibel in der Handhabung: Cleveres B\u00e4ndersystem, das mit Karabiner und Haken schnell angelegt werden kann, ohne umst\u00e4ndliches Binden.<\/li>\n<li>Einmalig: dank des cleveren Flex-Systems kann das Cover einfach heruntergerollt werden, ohne dass du dein Baby aus der Babytrage nehmen musst. Ideal f\u00fcr h\u00e4ufigen Wechsel von warmen Innenr\u00e4umen nach Drau\u00dfen in die kalte Luft.<\/li>\n<li>Winddicht und atmungsaktiv, wasserdichte MaM Tec-Membran, mit weichem Fleece gef\u00fcttert.<\/li>\n<li>Das Tragecover selbst ist genauso wie das abnehmbare M\u00fctzchen gr\u00f6\u00dfenverstellbar und passt sich deinem Baby an. F\u00fcr Bauchtragen und R\u00fcckentragen geeignet, kompatibel mit allen Babytragen und Traget\u00fcchern.<\/li>\n<\/ul>\n","protected":false},"excerpt":{"rendered":"<p>Das Winter Cover Deluxe Flex ist der Klassiker unter den manduca by MaM Tragecovern. Extra warm f\u00fcr den Winter (doppellagiges Innenfleece &amp; Obermaterial aus Mikrofaser), teilweise aus recycelten Fasern, reflektierendes Piping f\u00fcr die dunkle Jahreszeit Wie alle manduca by MaM Tragecover Flex besonders einfach und flexibel in der Handhabung: Cleveres B\u00e4ndersystem, das mit Karabiner und [&hellip;]<\/p>\n","protected":false},"featured_media":905,"comment_status":"open","ping_status":"closed","template":"","meta":{"inline_featured_image":false},"product_brand":[],"product_cat":[34],"product_tag":[],"class_list":{"0":"post-904","1":"product","2":"type-product","3":"status-publish","4":"has-post-thumbnail","6":"product_cat-carrier","8":"first","9":"instock","10":"shipping-taxable","11":"product-type-external"},"_links":{"self":[{"href":"https:\/\/kinderwelt.blog\/de\/wp-json\/wp\/v2\/product\/904","targetHints":{"allow":["GET"]}}],"collection":[{"href":"https:\/\/kinderwelt.blog\/de\/wp-json\/wp\/v2\/product"}],"about":[{"href":"https:\/\/kinderwelt.blog\/de\/wp-json\/wp\/v2\/types\/product"}],"replies":[{"embeddable":true,"href":"https:\/\/kinderwelt.blog\/de\/wp-json\/wp\/v2\/comments?post=904"}],"wp:featuredmedia":[{"embeddable":true,"href":"https:\/\/kinderwelt.blog\/de\/wp-json\/wp\/v2\/media\/905"}],"wp:attachment":[{"href":"https:\/\/kinderwelt.blog\/de\/wp-json\/wp\/v2\/media?parent=904"}],"wp:term":[{"taxonomy":"product_brand","embeddable":true,"href":"https:\/\/kinderwelt.blog\/de\/wp-json\/wp\/v2\/product_brand?post=904"},{"taxonomy":"product_cat","embeddable":true,"href":"https:\/\/kinderwelt.blog\/de\/wp-json\/wp\/v2\/product_cat?post=904"},{"taxonomy":"product_tag","embeddable":true,"href":"https:\/\/kinderwelt.blog\/de\/wp-json\/wp\/v2\/product_tag?post=904"}],"curies":[{"name":"wp","href":"https:\/\/api.w.org\/{rel}","templated":true}]}}