{"id":907,"date":"2023-07-06T05:38:38","date_gmt":"2023-07-06T05:38:38","guid":{"rendered":"https:\/\/doubletrouble.blog\/de\/?post_type=product&#038;p=907"},"modified":"2023-07-06T05:40:13","modified_gmt":"2023-07-06T05:40:13","slug":"ergobaby-windcover-und-regencover","status":"publish","type":"product","link":"https:\/\/kinderwelt.blog\/de\/product\/ergobaby-windcover-und-regencover\/","title":{"rendered":"Ergobaby Windcover und Regencover"},"content":{"rendered":"<ul>\n<li>SCHUTZ VOR WIND UND REGEN &#8211; Die wasserabweisende leichte Au\u00dfenh\u00fclle mit gro\u00dfem Bel\u00fcftungsfeld h\u00e4lt das Baby trocken und gesch\u00fctzt<\/li>\n<li>GEEIGNET F\u00dcR ALLE ERGOBABY BABYTRAGEN &#8211; Sowie f\u00fcr Babytragesysteme anderer Hersteller<\/li>\n<li>ABNEHMBARE KAPUZE &#8211; Erm\u00f6glicht vielseitige Tragepositionen. Das Baby kann nach innen gewandt oder in Blickrichtung vor dem Bauch getragen werden<\/li>\n<li>F\u00dcR UNTERWEGS &#8211; Praktisch und kompakt in einem abnehmbaren Beutel verstaubar, der am H\u00fcftgurt der Babytrage befestigt werden kann<\/li>\n<li>SCHNELL UND EINFACH ZU BEFESTIGEN &#8211; Mit einfach zu bedienenden Druckkn\u00f6pfen kann der Wetterschutz schnell und ohne fremde Hilfe an der Babytragetasche angebracht werden<\/li>\n<\/ul>\n","protected":false},"excerpt":{"rendered":"<p>SCHUTZ VOR WIND UND REGEN &#8211; Die wasserabweisende leichte Au\u00dfenh\u00fclle mit gro\u00dfem Bel\u00fcftungsfeld h\u00e4lt das Baby trocken und gesch\u00fctzt GEEIGNET F\u00dcR ALLE ERGOBABY BABYTRAGEN &#8211; Sowie f\u00fcr Babytragesysteme anderer Hersteller ABNEHMBARE KAPUZE &#8211; Erm\u00f6glicht vielseitige Tragepositionen. Das Baby kann nach innen gewandt oder in Blickrichtung vor dem Bauch getragen werden F\u00dcR UNTERWEGS &#8211; Praktisch und [&hellip;]<\/p>\n","protected":false},"featured_media":908,"comment_status":"open","ping_status":"closed","template":"","meta":{"inline_featured_image":false},"product_brand":[],"product_cat":[34],"product_tag":[],"class_list":{"0":"post-907","1":"product","2":"type-product","3":"status-publish","4":"has-post-thumbnail","6":"product_cat-carrier","8":"first","9":"instock","10":"shipping-taxable","11":"product-type-external"},"_links":{"self":[{"href":"https:\/\/kinderwelt.blog\/de\/wp-json\/wp\/v2\/product\/907","targetHints":{"allow":["GET"]}}],"collection":[{"href":"https:\/\/kinderwelt.blog\/de\/wp-json\/wp\/v2\/product"}],"about":[{"href":"https:\/\/kinderwelt.blog\/de\/wp-json\/wp\/v2\/types\/product"}],"replies":[{"embeddable":true,"href":"https:\/\/kinderwelt.blog\/de\/wp-json\/wp\/v2\/comments?post=907"}],"wp:featuredmedia":[{"embeddable":true,"href":"https:\/\/kinderwelt.blog\/de\/wp-json\/wp\/v2\/media\/908"}],"wp:attachment":[{"href":"https:\/\/kinderwelt.blog\/de\/wp-json\/wp\/v2\/media?parent=907"}],"wp:term":[{"taxonomy":"product_brand","embeddable":true,"href":"https:\/\/kinderwelt.blog\/de\/wp-json\/wp\/v2\/product_brand?post=907"},{"taxonomy":"product_cat","embeddable":true,"href":"https:\/\/kinderwelt.blog\/de\/wp-json\/wp\/v2\/product_cat?post=907"},{"taxonomy":"product_tag","embeddable":true,"href":"https:\/\/kinderwelt.blog\/de\/wp-json\/wp\/v2\/product_tag?post=907"}],"curies":[{"name":"wp","href":"https:\/\/api.w.org\/{rel}","templated":true}]}}