{"id":911,"date":"2023-07-06T05:41:33","date_gmt":"2023-07-06T05:41:33","guid":{"rendered":"https:\/\/doubletrouble.blog\/de\/?post_type=product&#038;p=911"},"modified":"2023-07-06T05:41:33","modified_gmt":"2023-07-06T05:41:33","slug":"ergobaby-all-weather-cover","status":"publish","type":"product","link":"https:\/\/kinderwelt.blog\/de\/product\/ergobaby-all-weather-cover\/","title":{"rendered":"Ergobaby All Weather Cover"},"content":{"rendered":"<ul>\n<li>Halten Sie Ihr Baby warm und trocken: Hergestellt mit wasserabweisender, gesteppter Au\u00dfenh\u00fclle und einem weichen, mit Fleece gef\u00fctterten Innenfutter, um das Baby warm und trocken zu halten. Mit Fleece gef\u00fctterte Taschen f\u00fcr Eltern.<\/li>\n<li>Tragen Sie das Baby in nach innen oder nach au\u00dfen gerichteten Positionen: Die abnehmbare Kapuze bietet W\u00e4rme in vielseitigen Tragepositionen \u2013 Front-Inward, Front-Outward und R\u00fcckentrage.<\/li>\n<li>Kompatibel mit allen Ergobaby Tragetaschen und den meisten anderen Marken-Tragetaschen.<\/li>\n<li>Leicht zu transportieren: Mit einfach zu bedienenden Druckkn\u00f6pfen k\u00f6nnen Sie die Abdeckung schnell an Ihrem Tr\u00e4ger befestigen, ohne die Hilfe von anderen zu ben\u00f6tigen.<\/li>\n<li>Passend f\u00fcr Ihr Baby: Verstellbare Kapuze und verstellbarer Fu\u00dfbereich schaffen die perfekte Passform f\u00fcr Ihr Baby.<\/li>\n<li>Kompakte Aufbewahrung: Packen Sie den Bezug in eine selbstschlie\u00dfende Tasche unter der gesteppten Schicht f\u00fcr eine kompakte Aufbewahrung.<\/li>\n<\/ul>\n","protected":false},"excerpt":{"rendered":"<p>Halten Sie Ihr Baby warm und trocken: Hergestellt mit wasserabweisender, gesteppter Au\u00dfenh\u00fclle und einem weichen, mit Fleece gef\u00fctterten Innenfutter, um das Baby warm und trocken zu halten. Mit Fleece gef\u00fctterte Taschen f\u00fcr Eltern. Tragen Sie das Baby in nach innen oder nach au\u00dfen gerichteten Positionen: Die abnehmbare Kapuze bietet W\u00e4rme in vielseitigen Tragepositionen \u2013 Front-Inward, [&hellip;]<\/p>\n","protected":false},"featured_media":912,"comment_status":"open","ping_status":"closed","template":"","meta":{"inline_featured_image":false},"product_brand":[],"product_cat":[34],"product_tag":[],"class_list":{"0":"post-911","1":"product","2":"type-product","3":"status-publish","4":"has-post-thumbnail","6":"product_cat-carrier","8":"first","9":"instock","10":"shipping-taxable","11":"product-type-external"},"_links":{"self":[{"href":"https:\/\/kinderwelt.blog\/de\/wp-json\/wp\/v2\/product\/911","targetHints":{"allow":["GET"]}}],"collection":[{"href":"https:\/\/kinderwelt.blog\/de\/wp-json\/wp\/v2\/product"}],"about":[{"href":"https:\/\/kinderwelt.blog\/de\/wp-json\/wp\/v2\/types\/product"}],"replies":[{"embeddable":true,"href":"https:\/\/kinderwelt.blog\/de\/wp-json\/wp\/v2\/comments?post=911"}],"wp:featuredmedia":[{"embeddable":true,"href":"https:\/\/kinderwelt.blog\/de\/wp-json\/wp\/v2\/media\/912"}],"wp:attachment":[{"href":"https:\/\/kinderwelt.blog\/de\/wp-json\/wp\/v2\/media?parent=911"}],"wp:term":[{"taxonomy":"product_brand","embeddable":true,"href":"https:\/\/kinderwelt.blog\/de\/wp-json\/wp\/v2\/product_brand?post=911"},{"taxonomy":"product_cat","embeddable":true,"href":"https:\/\/kinderwelt.blog\/de\/wp-json\/wp\/v2\/product_cat?post=911"},{"taxonomy":"product_tag","embeddable":true,"href":"https:\/\/kinderwelt.blog\/de\/wp-json\/wp\/v2\/product_tag?post=911"}],"curies":[{"name":"wp","href":"https:\/\/api.w.org\/{rel}","templated":true}]}}