{"id":2320,"date":"2024-03-03T19:49:26","date_gmt":"2024-03-03T19:49:26","guid":{"rendered":"https:\/\/doubletrouble.blog\/en\/?post_type=product&#038;p=2320"},"modified":"2024-03-03T19:49:36","modified_gmt":"2024-03-03T19:49:36","slug":"thule-chariot-lite-2","status":"publish","type":"product","link":"https:\/\/kinderwelt.blog\/en\/product\/thule-chariot-lite-2\/","title":{"rendered":"Thule Chariot Lite 2"},"content":{"rendered":"<ul class=\"a-unordered-list a-vertical a-spacing-mini\">\n<li class=\"a-spacing-mini\"><span class=\"a-list-item\">4 Aktivit\u00e4ten \u2013 bestens geeignet f\u00fcr alle vier Aktivit\u00e4ten: Radfahren, Joggen, Spazierengehen und Skilanglauf (Jogging- und Skisets separat erh\u00e4ltlich)<\/span><\/li>\n<li class=\"a-spacing-mini\"><span class=\"a-list-item\">Das Thule VersaWing System \u2013 Erm\u00f6glicht schnelles und einfaches Umr\u00fcsten zwischen verschiedenen Aktivit\u00e4ten unabh\u00e4ngig vom verwendeten Set.<\/span><\/li>\n<li class=\"a-spacing-mini\"><span class=\"a-list-item\">Federung \u2013 sorgt bei Eltern und Kind f\u00fcr eine angenehme Fahrt<\/span><\/li>\n<li class=\"a-spacing-mini\"><span class=\"a-list-item\">Kompakt zusammenklappbar \u2013 so k\u00f6nnen Sie den Tr\u00e4ger problemlos mitnehmen<\/span><\/li>\n<li class=\"a-spacing-mini\"><span class=\"a-list-item\">Leicht verstellbare L\u00fcftungsschlitze sorgen f\u00fcr einen optimalen Luftstrom und Klimatisierung, abnehmbare Klemmen sorgen f\u00fcr mehr Bel\u00fcftung bei Verwendung eines Regenverdecks<\/span><\/li>\n<\/ul>\n","protected":false},"excerpt":{"rendered":"<p>4 Aktivit\u00e4ten \u2013 bestens geeignet f\u00fcr alle vier Aktivit\u00e4ten: Radfahren, Joggen, Spazierengehen und Skilanglauf (Jogging- und Skisets separat erh\u00e4ltlich) Das Thule VersaWing System \u2013 Erm\u00f6glicht schnelles und einfaches Umr\u00fcsten zwischen verschiedenen Aktivit\u00e4ten unabh\u00e4ngig vom verwendeten Set. Federung \u2013 sorgt bei Eltern und Kind f\u00fcr eine angenehme Fahrt Kompakt zusammenklappbar \u2013 so k\u00f6nnen Sie den Tr\u00e4ger [&hellip;]<\/p>\n","protected":false},"featured_media":2327,"comment_status":"open","ping_status":"closed","template":"","meta":{"inline_featured_image":false},"product_brand":[],"product_cat":[36],"product_tag":[],"class_list":{"0":"post-2320","1":"product","2":"type-product","3":"status-publish","4":"has-post-thumbnail","6":"product_cat-stroller","8":"first","9":"instock","10":"shipping-taxable","11":"product-type-external"},"_links":{"self":[{"href":"https:\/\/kinderwelt.blog\/en\/wp-json\/wp\/v2\/product\/2320","targetHints":{"allow":["GET"]}}],"collection":[{"href":"https:\/\/kinderwelt.blog\/en\/wp-json\/wp\/v2\/product"}],"about":[{"href":"https:\/\/kinderwelt.blog\/en\/wp-json\/wp\/v2\/types\/product"}],"replies":[{"embeddable":true,"href":"https:\/\/kinderwelt.blog\/en\/wp-json\/wp\/v2\/comments?post=2320"}],"wp:featuredmedia":[{"embeddable":true,"href":"https:\/\/kinderwelt.blog\/en\/wp-json\/wp\/v2\/media\/2327"}],"wp:attachment":[{"href":"https:\/\/kinderwelt.blog\/en\/wp-json\/wp\/v2\/media?parent=2320"}],"wp:term":[{"taxonomy":"product_brand","embeddable":true,"href":"https:\/\/kinderwelt.blog\/en\/wp-json\/wp\/v2\/product_brand?post=2320"},{"taxonomy":"product_cat","embeddable":true,"href":"https:\/\/kinderwelt.blog\/en\/wp-json\/wp\/v2\/product_cat?post=2320"},{"taxonomy":"product_tag","embeddable":true,"href":"https:\/\/kinderwelt.blog\/en\/wp-json\/wp\/v2\/product_tag?post=2320"}],"curies":[{"name":"wp","href":"https:\/\/api.w.org\/{rel}","templated":true}]}}