{"id":2428,"date":"2024-03-24T09:34:50","date_gmt":"2024-03-24T09:34:50","guid":{"rendered":"https:\/\/doubletrouble.blog\/en\/?post_type=product&#038;p=2428"},"modified":"2024-03-24T09:34:54","modified_gmt":"2024-03-24T09:34:54","slug":"steckdosenabdeckung","status":"publish","type":"product","link":"https:\/\/kinderwelt.blog\/en\/product\/steckdosenabdeckung\/","title":{"rendered":"Steckdosenabdeckung"},"content":{"rendered":"<ul class=\"a-unordered-list a-vertical a-spacing-mini\">\n<li class=\"a-spacing-mini\"><span class=\"a-list-item\">\u3010Qualit\u00e4tsmaterial\u3011Diese Schaltersteckdosenabdeckung ist aus hochwertigem PC-Material und schwarzer, transparenter Schale gefertigt. Die innere Struktur ist auf den ersten Blick erkennbar und altert oder vergilbt auch nach l\u00e4ngerem Gebrauch nicht. (L*B*H: 13\u00d710.3\u00d74.5CM; bitte messen Sie die Gr\u00f6\u00dfe vor dem Kauf!)<\/span><\/li>\n<li class=\"a-spacing-mini\"><span class=\"a-list-item\">\u3010Kann mit Schloss verriegelt werden\u3011Diese wasserdichte Steckdosenabdeckung ist nach IP55 eingestuft, wasserdicht und feuchtigkeitsbest\u00e4ndig, mit festem Schutz, um die Sicherheit zu Hause zu gew\u00e4hrleisten. Die wasserdichte, staubdichte Abdeckung ist mit einem Verriegelungsloch zum Verschlie\u00dfen ausgestattet. &#8211; Hinweis: Dieses Produkt enth\u00e4lt kein Schloss.<\/span><\/li>\n<li class=\"a-spacing-mini\"><span class=\"a-list-item\">\u3010120\u00b0 \u00f6ffnende und schlie\u00dfende Ausf\u00fchrung\u3011Technisches Design, 120\u00b0 leicht zu \u00f6ffnen und zu schlie\u00dfen, bequemer zu \u00f6ffnen und zu schlie\u00dfen, doppelter Schutz, Wandschalter Steckdose kann verhindern, dass das Baby direkt ber\u00fchren die Steckdose beim Spielen, was eine Gefahr. &#8211; Baby-Sicherheitsschutz .<\/span><\/li>\n<li class=\"a-spacing-mini\"><span class=\"a-list-item\">\u3010Wasserdichtes Material bereitstellen\u3011Dies ist eine universelle Steckdosenabdeckung aus Hartplastik. Unsere Steckdosenabdeckung ist f\u00fcr alle Steckdosen des Typs 86 geeignet, um Ger\u00e4te, die h\u00e4ufig benutzt werden, vor Spritz- oder Tropfwasser zu sch\u00fctzen. &#8211; Durch die Schraubmontage ist es sicherer als das Klebemodell.<\/span><\/li>\n<li class=\"a-spacing-mini\"><span class=\"a-list-item\">\u3010Breite Anwendung\u3011Diese Steckdosenabdeckung ist vielseitig einsetzbar, wasserdicht, staubdicht und hat eine hervorragende Leistung. Es k\u00f6nnen sowohl dreieckige Stecker als auch falsch negative Stecker verwendet werden. Es kann auch zum Schutz von Badezimmern, K\u00fcchen, Balkonen, Wohnzimmern und anderen R\u00e4umen verwendet werden.<\/span><\/li>\n<\/ul>\n","protected":false},"excerpt":{"rendered":"<p>\u3010Qualit\u00e4tsmaterial\u3011Diese Schaltersteckdosenabdeckung ist aus hochwertigem PC-Material und schwarzer, transparenter Schale gefertigt. Die innere Struktur ist auf den ersten Blick erkennbar und altert oder vergilbt auch nach l\u00e4ngerem Gebrauch nicht. (L*B*H: 13\u00d710.3\u00d74.5CM; bitte messen Sie die Gr\u00f6\u00dfe vor dem Kauf!) \u3010Kann mit Schloss verriegelt werden\u3011Diese wasserdichte Steckdosenabdeckung ist nach IP55 eingestuft, wasserdicht und feuchtigkeitsbest\u00e4ndig, mit festem [&hellip;]<\/p>\n","protected":false},"featured_media":2431,"comment_status":"open","ping_status":"closed","template":"","meta":{"inline_featured_image":false},"product_brand":[],"product_cat":[43],"product_tag":[],"class_list":{"0":"post-2428","1":"product","2":"type-product","3":"status-publish","4":"has-post-thumbnail","6":"product_cat-einrichtung","8":"first","9":"instock","10":"shipping-taxable","11":"product-type-external"},"_links":{"self":[{"href":"https:\/\/kinderwelt.blog\/en\/wp-json\/wp\/v2\/product\/2428","targetHints":{"allow":["GET"]}}],"collection":[{"href":"https:\/\/kinderwelt.blog\/en\/wp-json\/wp\/v2\/product"}],"about":[{"href":"https:\/\/kinderwelt.blog\/en\/wp-json\/wp\/v2\/types\/product"}],"replies":[{"embeddable":true,"href":"https:\/\/kinderwelt.blog\/en\/wp-json\/wp\/v2\/comments?post=2428"}],"wp:featuredmedia":[{"embeddable":true,"href":"https:\/\/kinderwelt.blog\/en\/wp-json\/wp\/v2\/media\/2431"}],"wp:attachment":[{"href":"https:\/\/kinderwelt.blog\/en\/wp-json\/wp\/v2\/media?parent=2428"}],"wp:term":[{"taxonomy":"product_brand","embeddable":true,"href":"https:\/\/kinderwelt.blog\/en\/wp-json\/wp\/v2\/product_brand?post=2428"},{"taxonomy":"product_cat","embeddable":true,"href":"https:\/\/kinderwelt.blog\/en\/wp-json\/wp\/v2\/product_cat?post=2428"},{"taxonomy":"product_tag","embeddable":true,"href":"https:\/\/kinderwelt.blog\/en\/wp-json\/wp\/v2\/product_tag?post=2428"}],"curies":[{"name":"wp","href":"https:\/\/api.w.org\/{rel}","templated":true}]}}