{"id":2463,"date":"2024-04-13T10:13:42","date_gmt":"2024-04-13T10:13:42","guid":{"rendered":"https:\/\/doubletrouble.blog\/en\/?post_type=product&#038;p=2463"},"modified":"2024-04-13T10:13:42","modified_gmt":"2024-04-13T10:13:42","slug":"schwalbe-big-apple-reifen-fur-kinderanhanger","status":"publish","type":"product","link":"https:\/\/kinderwelt.blog\/en\/product\/schwalbe-big-apple-reifen-fur-kinderanhanger\/","title":{"rendered":"Schwalbe Big Apple Reifen f\u00fcr Kinderanh\u00e4nger"},"content":{"rendered":"<ul class=\"a-unordered-list a-vertical a-spacing-mini\">\n<li class=\"a-spacing-mini\"><span class=\"a-list-item\">Leichter und d\u00fcnner Hauttyp besteht nur aus dem gummierten Geh\u00e4use<\/span><\/li>\n<li class=\"a-spacing-mini\"><span class=\"a-list-item\">Luftkissenreifen werden als nat\u00fcrliche Aufh\u00e4ngung verwendet.<\/span><\/li>\n<li class=\"a-spacing-mini\"><span class=\"a-list-item\">Aufgeblasen auf ca. 2 bar rollt ein Ballonfahrrad ganz einfach und mit einem vollen Federungseffekt.<\/span><\/li>\n<li class=\"a-spacing-mini\"><span class=\"a-list-item\">Pannenschutz Level 4<\/span><\/li>\n<li class=\"a-spacing-mini\"><span class=\"a-list-item\">Durchmesser: 30,5 cm, Breite: 5 cm<\/span><\/li>\n<\/ul>\n","protected":false},"excerpt":{"rendered":"<p>Leichter und d\u00fcnner Hauttyp besteht nur aus dem gummierten Geh\u00e4use Luftkissenreifen werden als nat\u00fcrliche Aufh\u00e4ngung verwendet. Aufgeblasen auf ca. 2 bar rollt ein Ballonfahrrad ganz einfach und mit einem vollen Federungseffekt. Pannenschutz Level 4 Durchmesser: 30,5 cm, Breite: 5 cm<\/p>\n","protected":false},"featured_media":2464,"comment_status":"open","ping_status":"closed","template":"","meta":{"inline_featured_image":false},"product_brand":[],"product_cat":[37],"product_tag":[],"class_list":{"0":"post-2463","1":"product","2":"type-product","3":"status-publish","4":"has-post-thumbnail","6":"product_cat-carrier","8":"first","9":"instock","10":"shipping-taxable","11":"product-type-external"},"_links":{"self":[{"href":"https:\/\/kinderwelt.blog\/en\/wp-json\/wp\/v2\/product\/2463","targetHints":{"allow":["GET"]}}],"collection":[{"href":"https:\/\/kinderwelt.blog\/en\/wp-json\/wp\/v2\/product"}],"about":[{"href":"https:\/\/kinderwelt.blog\/en\/wp-json\/wp\/v2\/types\/product"}],"replies":[{"embeddable":true,"href":"https:\/\/kinderwelt.blog\/en\/wp-json\/wp\/v2\/comments?post=2463"}],"wp:featuredmedia":[{"embeddable":true,"href":"https:\/\/kinderwelt.blog\/en\/wp-json\/wp\/v2\/media\/2464"}],"wp:attachment":[{"href":"https:\/\/kinderwelt.blog\/en\/wp-json\/wp\/v2\/media?parent=2463"}],"wp:term":[{"taxonomy":"product_brand","embeddable":true,"href":"https:\/\/kinderwelt.blog\/en\/wp-json\/wp\/v2\/product_brand?post=2463"},{"taxonomy":"product_cat","embeddable":true,"href":"https:\/\/kinderwelt.blog\/en\/wp-json\/wp\/v2\/product_cat?post=2463"},{"taxonomy":"product_tag","embeddable":true,"href":"https:\/\/kinderwelt.blog\/en\/wp-json\/wp\/v2\/product_tag?post=2463"}],"curies":[{"name":"wp","href":"https:\/\/api.w.org\/{rel}","templated":true}]}}